{"id":28867,"date":"2023-09-28T11:27:53","date_gmt":"2023-09-28T09:27:53","guid":{"rendered":"https:\/\/dupeyrou.ch\/?page_id=28867"},"modified":"2026-02-13T13:58:21","modified_gmt":"2026-02-13T12:58:21","slug":"les-sphinges","status":"publish","type":"page","link":"https:\/\/dupeyrou.ch\/en\/le-palais\/les-sphinges\/","title":{"rendered":"The Sphinxes"},"content":{"rendered":"<p>[et_pb_section fb_built=\u00a0\u00bb1&Prime; fullwidth=\u00a0\u00bbon\u00a0\u00bb disabled_on=\u00a0\u00bboff|off|off\u00a0\u00bb admin_label=\u00a0\u00bbHero\u00a0\u00bb _builder_version=\u00a0\u00bb4.16&Prime; background_color=\u00a0\u00bb#1f1f1f\u00a0\u00bb parallax=\u00a0\u00bbon\u00a0\u00bb custom_padding=\u00a0\u00bb|||\u00a0\u00bb transparent_background=\u00a0\u00bbon\u00a0\u00bb global_colors_info=\u00a0\u00bb{}\u00a0\u00bb][et_pb_fullwidth_header title=\u00a0\u00bbLes Sphinges\u00a0\u00bb text_orientation=\u00a0\u00bbcenter\u00a0\u00bb header_fullscreen=\u00a0\u00bbon\u00a0\u00bb header_scroll_down=\u00a0\u00bbon\u00a0\u00bb scroll_down_icon=\u00a0\u00bb%%1%%\u00a0\u00bb scroll_down_icon_color=\u00a0\u00bb#ffffff\u00a0\u00bb scroll_down_icon_size=\u00a0\u00bb61px\u00a0\u00bb button_one_url=\u00a0\u00bbhttps:\/\/dupeyrou.ch\/le-restaurant\/la-carte\/\u00a0\u00bb button_two_url=\u00a0\u00bbhttps:\/\/dupeyrou.ch\/le-palais\/contact\/\u00a0\u00bb background_overlay_color=\u00a0\u00bbrgba(31,31,31,0.76)\u00a0\u00bb logo_image_url=\u00a0\u00bbhttps:\/\/dupeyrou.ch\/wp-content\/uploads\/2026\/02\/HRDP_logo_V1.png\u00a0\u00bb subhead_font_color=\u00a0\u00bb#bebebe\u00a0\u00bb _builder_version=\u00a0\u00bb4.27.5&Prime; title_font=\u00a0\u00bbPlayfair Display||||\u00a0\u00bb title_text_align=\u00a0\u00bbcenter\u00a0\u00bb title_text_color=\u00a0\u00bb#ffffff\u00a0\u00bb title_font_size=\u00a0\u00bb45px\u00a0\u00bb title_line_height=\u00a0\u00bb2em\u00a0\u00bb content_font=\u00a0\u00bbMontserrat||||\u00a0\u00bb content_text_align=\u00a0\u00bbcenter\u00a0\u00bb content_text_color=\u00a0\u00bb#bfbfbf\u00a0\u00bb content_font_size=\u00a0\u00bb15px\u00a0\u00bb content_line_height=\u00a0\u00bb1.8em\u00a0\u00bb subhead_font=\u00a0\u00bbMontserrat||||||||\u00a0\u00bb subhead_text_color=\u00a0\u00bb#FFFFFF\u00a0\u00bb subhead_line_height=\u00a0\u00bb1.8em\u00a0\u00bb background_color=\u00a0\u00bbrgba(255, 255, 255, 0)\u00a0\u00bb background_image=\u00a0\u00bbhttps:\/\/dupeyrou.ch\/wp-content\/uploads\/2023\/09\/DuPeyrou_072.jpg\u00a0\u00bb parallax=\u00a0\u00bbon\u00a0\u00bb parallax_method=\u00a0\u00bbon\u00a0\u00bb custom_button_one=\u00a0\u00bbon\u00a0\u00bb button_one_text_size=\u00a0\u00bb15px\u00a0\u00bb button_one_text_color=\u00a0\u00bb#ffffff\u00a0\u00bb button_one_border_width=\u00a0\u00bb2px\u00a0\u00bb button_one_border_color=\u00a0\u00bb#ffffff\u00a0\u00bb button_one_border_radius=\u00a0\u00bb0px\u00a0\u00bb button_one_letter_spacing=\u00a0\u00bb1px\u00a0\u00bb button_one_font=\u00a0\u00bbMontserrat|||on|\u00a0\u00bb button_one_use_icon=\u00a0\u00bboff\u00a0\u00bb custom_button_two=\u00a0\u00bbon\u00a0\u00bb button_two_text_size=\u00a0\u00bb15px\u00a0\u00bb button_two_text_color=\u00a0\u00bb#000000&Prime; button_two_bg_color=\u00a0\u00bb#f7eede\u00a0\u00bb button_two_border_width=\u00a0\u00bb2px\u00a0\u00bb button_two_border_color=\u00a0\u00bb#f7eede\u00a0\u00bb button_two_border_radius=\u00a0\u00bb0px\u00a0\u00bb button_two_letter_spacing=\u00a0\u00bb1px\u00a0\u00bb button_two_font=\u00a0\u00bbMontserrat|||on|\u00a0\u00bb button_two_use_icon=\u00a0\u00bboff\u00a0\u00bb animation_style=\u00a0\u00bbzoom\u00a0\u00bb animation_direction=\u00a0\u00bbleft\u00a0\u00bb animation_duration=\u00a0\u00bb1500ms\u00a0\u00bb animation_intensity_zoom=\u00a0\u00bb4%\u00a0\u00bb hover_enabled=\u00a0\u00bb0&Prime; title_font_size_tablet=\u00a0\u00bb\u00a0\u00bb title_font_size_phone=\u00a0\u00bb43px\u00a0\u00bb title_font_size_last_edited=\u00a0\u00bbon|desktop\u00a0\u00bb title_line_height_last_edited=\u00a0\u00bboff|desktop\u00a0\u00bb button_one_text_size_tablet=\u00a0\u00bb\u00a0\u00bb button_one_text_size_phone=\u00a0\u00bb15px\u00a0\u00bb button_one_text_size_last_edited=\u00a0\u00bbon|phone\u00a0\u00bb button_one_border_radius_hover=\u00a0\u00bb0px\u00a0\u00bb button_one_letter_spacing_hover=\u00a0\u00bb1px\u00a0\u00bb button_two_letter_spacing_hover=\u00a0\u00bb1px\u00a0\u00bb global_colors_info=\u00a0\u00bb{}\u00a0\u00bb button_one_text_size__hover_enabled=\u00a0\u00bboff\u00a0\u00bb button_two_text_size__hover_enabled=\u00a0\u00bboff\u00a0\u00bb button_one_text_color__hover_enabled=\u00a0\u00bboff\u00a0\u00bb button_two_text_color__hover_enabled=\u00a0\u00bboff\u00a0\u00bb button_one_border_width__hover_enabled=\u00a0\u00bboff\u00a0\u00bb button_two_border_width__hover_enabled=\u00a0\u00bboff\u00a0\u00bb button_one_border_color__hover_enabled=\u00a0\u00bboff\u00a0\u00bb button_two_border_color__hover_enabled=\u00a0\u00bboff\u00a0\u00bb button_one_border_radius__hover_enabled=\u00a0\u00bbon\u00a0\u00bb button_one_border_radius__hover=\u00a0\u00bb0px\u00a0\u00bb button_two_border_radius__hover_enabled=\u00a0\u00bboff\u00a0\u00bb button_one_letter_spacing__hover_enabled=\u00a0\u00bbon\u00a0\u00bb button_one_letter_spacing__hover=\u00a0\u00bb1px\u00a0\u00bb button_two_letter_spacing__hover_enabled=\u00a0\u00bbon\u00a0\u00bb button_two_letter_spacing__hover=\u00a0\u00bb1px\u00a0\u00bb button_one_bg_color__hover_enabled=\u00a0\u00bboff\u00a0\u00bb button_two_bg_color__hover_enabled=\u00a0\u00bboff\u00a0\u00bb title_text=\u00a0\u00bbHRDP_logo_V1&Prime; sticky_enabled=\u00a0\u00bb0&Prime;][\/et_pb_fullwidth_header][\/et_pb_section][et_pb_section fb_built=\u00a0\u00bb1&Prime; admin_label=\u00a0\u00bbWelcome To Royal\u00a0\u00bb _builder_version=\u00a0\u00bb4.22.2&Prime; background_color=\u00a0\u00bb#011828&Prime; background_position=\u00a0\u00bbtop_left\u00a0\u00bb custom_padding=\u00a0\u00bb7px|0px|23px|0px||\u00a0\u00bb collapsed=\u00a0\u00bboff\u00a0\u00bb global_colors_info=\u00a0\u00bb{}\u00a0\u00bb][et_pb_row column_structure=\u00a0\u00bb3_5,2_5&Prime; _builder_version=\u00a0\u00bb4.16&Prime; _module_preset=\u00a0\u00bbdefault\u00a0\u00bb custom_margin=\u00a0\u00bb100px|auto||auto||\u00a0\u00bb custom_padding=\u00a0\u00bb3px|||||\u00a0\u00bb global_colors_info=\u00a0\u00bb{}\u00a0\u00bb][et_pb_column type=\u00a0\u00bb3_5&Prime; _builder_version=\u00a0\u00bb4.16&Prime; _module_preset=\u00a0\u00bbdefault\u00a0\u00bb global_colors_info=\u00a0\u00bb{}\u00a0\u00bb][et_pb_text disabled_on=\u00a0\u00bbon|on|off\u00a0\u00bb _builder_version=\u00a0\u00bb4.22.2&Prime; text_font=\u00a0\u00bb||||||||\u00a0\u00bb header_font=\u00a0\u00bb||||||||\u00a0\u00bb header_2_font=\u00a0\u00bbPlayfair Display||||\u00a0\u00bb header_2_text_color=\u00a0\u00bb#FFFFFF\u00a0\u00bb header_2_font_size=\u00a0\u00bb45px\u00a0\u00bb header_2_line_height=\u00a0\u00bb1.3em\u00a0\u00bb background_size=\u00a0\u00bbinitial\u00a0\u00bb background_position=\u00a0\u00bbtop_left\u00a0\u00bb background_repeat=\u00a0\u00bbrepeat\u00a0\u00bb custom_padding=\u00a0\u00bb||41px|||\u00a0\u00bb animation_style=\u00a0\u00bbflip\u00a0\u00bb global_colors_info=\u00a0\u00bb{}\u00a0\u00bb header_font_size__hover=\u00a0\u00bb30px\u00a0\u00bb header_font_size__hover_enabled=\u00a0\u00bb30px\u00a0\u00bb header_letter_spacing__hover=\u00a0\u00bb0px\u00a0\u00bb header_letter_spacing__hover_enabled=\u00a0\u00bb0px\u00a0\u00bb header_text_shadow_style__hover=\u00a0\u00bbnone\u00a0\u00bb header_text_shadow_style__hover_enabled=\u00a0\u00bbnone\u00a0\u00bb header_text_shadow_color__hover=\u00a0\u00bbrgba(0,0,0,0.4)\u00a0\u00bb header_text_shadow_color__hover_enabled=\u00a0\u00bbrgba(0,0,0,0.4)\u00a0\u00bb]<\/p>\n<h2>Les Sphinges<\/h2>\n<p>[\/et_pb_text][et_pb_text _builder_version=\u00a0\u00bb4.22.2&Prime; text_font=\u00a0\u00bbMontserrat||||\u00a0\u00bb text_text_color=\u00a0\u00bb#FFFFFF\u00a0\u00bb text_line_height=\u00a0\u00bb1.8em\u00a0\u00bb header_font=\u00a0\u00bb||||\u00a0\u00bb background_size=\u00a0\u00bbinitial\u00a0\u00bb background_position=\u00a0\u00bbtop_left\u00a0\u00bb background_repeat=\u00a0\u00bbrepeat\u00a0\u00bb custom_padding=\u00a0\u00bb||40px|||\u00a0\u00bb animation_style=\u00a0\u00bbflip\u00a0\u00bb animation_direction=\u00a0\u00bbtop\u00a0\u00bb global_colors_info=\u00a0\u00bb{}\u00a0\u00bb]<\/p>\n<p><span>Elles rappellent l\u2019id\u00e9e qu\u2019avait eue le ma\u00eetre de c\u00e9ans de construire un monument \u00e0 l\u2019\u00e9gyptienne en souvenir des liens d\u2019amiti\u00e9 qu\u2019il entretenait avec Jean-Jacques Rousseau.<\/span><\/p>\n<p>[\/et_pb_text][et_pb_text _builder_version=\u00a0\u00bb4.22.2&Prime; text_font=\u00a0\u00bbMontserrat||||\u00a0\u00bb text_text_color=\u00a0\u00bb#FFFFFF\u00a0\u00bb text_line_height=\u00a0\u00bb1.8em\u00a0\u00bb header_font=\u00a0\u00bb||||\u00a0\u00bb background_size=\u00a0\u00bbinitial\u00a0\u00bb background_position=\u00a0\u00bbtop_left\u00a0\u00bb background_repeat=\u00a0\u00bbrepeat\u00a0\u00bb custom_padding=\u00a0\u00bb||40px|||\u00a0\u00bb animation_style=\u00a0\u00bbflip\u00a0\u00bb animation_direction=\u00a0\u00bbtop\u00a0\u00bb global_colors_info=\u00a0\u00bb{}\u00a0\u00bb]<\/p>\n<p><span>Ce projet ne se r\u00e9alisant pas, il fit n\u00e9anmoins sculpter deux sphinges \u00e0 l\u2019entr\u00e9e du jardin.<\/span><br \/><span>Les Sphinges sont aujourd\u2019hui l\u2019embl\u00e8me de l\u2019H\u00f4tel DuPeyrou<\/span><\/p>\n<p>[\/et_pb_text][\/et_pb_column][et_pb_column type=\u00a0\u00bb2_5&Prime; _builder_version=\u00a0\u00bb4.16&Prime; _module_preset=\u00a0\u00bbdefault\u00a0\u00bb global_colors_info=\u00a0\u00bb{}\u00a0\u00bb][et_pb_image src=\u00a0\u00bbhttps:\/\/dupeyrou.ch\/wp-content\/uploads\/2023\/09\/Sphynx-haute-definition.jpg\u00a0\u00bb title_text=\u00a0\u00bbSphynx haute d\u00e9finition\u00a0\u00bb align=\u00a0\u00bbright\u00a0\u00bb _builder_version=\u00a0\u00bb4.22.2&Prime; _module_preset=\u00a0\u00bbdefault\u00a0\u00bb width=\u00a0\u00bb90%\u00a0\u00bb custom_margin=\u00a0\u00bb-2px||-2px||true|\u00a0\u00bb animation_style=\u00a0\u00bbflip\u00a0\u00bb scroll_vertical_motion_enable=\u00a0\u00bbon\u00a0\u00bb scroll_vertical_motion=\u00a0\u00bb0|25|25|100|4|0|-2&Prime; global_colors_info=\u00a0\u00bb{}\u00a0\u00bb][\/et_pb_image][\/et_pb_column][\/et_pb_row][\/et_pb_section]<\/p>\n","protected":false},"excerpt":{"rendered":"<p>Les SphingesElles rappellent l\u2019id\u00e9e qu\u2019avait eue le ma\u00eetre de c\u00e9ans de construire un monument \u00e0 l\u2019\u00e9gyptienne en souvenir des liens d\u2019amiti\u00e9 qu\u2019il entretenait avec Jean-Jacques Rousseau.Ce projet ne se r\u00e9alisant [&hellip;]<\/p>\n","protected":false},"author":1,"featured_media":0,"parent":28898,"menu_order":0,"comment_status":"closed","ping_status":"closed","template":"","meta":{"_et_pb_use_builder":"on","_et_pb_old_content":"","_et_gb_content_width":"","footnotes":""},"class_list":["post-28867","page","type-page","status-publish","hentry"],"yoast_head":"<!-- This site is optimized with the Yoast SEO plugin v27.4 - https:\/\/yoast.com\/product\/yoast-seo-wordpress\/ -->\n<title>Les Sphinges - Restaurant de l&#039;H\u00f4tel DuPeyrou<\/title>\n<meta name=\"description\" content=\"Les Sphinges de l&#039;H\u00f4tel DuPeyrou \u00e0 Neuch\u00e2tel ne sont pas seulement des sculptures, elles sont le symbole d&#039;une amiti\u00e9 et d&#039;un projet empreint d&#039;histoire.\" \/>\n<meta name=\"robots\" content=\"index, follow, max-snippet:-1, max-image-preview:large, max-video-preview:-1\" \/>\n<link rel=\"canonical\" href=\"https:\/\/dupeyrou.ch\/en\/le-palais\/les-sphinges\/\" \/>\n<meta property=\"og:locale\" content=\"en_GB\" \/>\n<meta property=\"og:type\" content=\"article\" \/>\n<meta property=\"og:title\" content=\"Les Sphinges - Restaurant de l&#039;H\u00f4tel DuPeyrou\" \/>\n<meta property=\"og:description\" content=\"Les Sphinges de l&#039;H\u00f4tel DuPeyrou \u00e0 Neuch\u00e2tel ne sont pas seulement des sculptures, elles sont le symbole d&#039;une amiti\u00e9 et d&#039;un projet empreint d&#039;histoire.\" \/>\n<meta property=\"og:url\" content=\"https:\/\/dupeyrou.ch\/en\/le-palais\/les-sphinges\/\" \/>\n<meta property=\"og:site_name\" content=\"Restaurant de l&#039;H\u00f4tel DuPeyrou\" \/>\n<meta property=\"article:modified_time\" content=\"2026-02-13T12:58:21+00:00\" \/>\n<meta name=\"twitter:card\" content=\"summary_large_image\" \/>\n<meta name=\"twitter:label1\" content=\"Estimated reading time\" \/>\n\t<meta name=\"twitter:data1\" content=\"2 minutes\" \/>\n<script type=\"application\/ld+json\" class=\"yoast-schema-graph\">{\"@context\":\"https:\\\/\\\/schema.org\",\"@graph\":[{\"@type\":\"WebPage\",\"@id\":\"https:\\\/\\\/dupeyrou.ch\\\/le-palais\\\/les-sphinges\\\/\",\"url\":\"https:\\\/\\\/dupeyrou.ch\\\/le-palais\\\/les-sphinges\\\/\",\"name\":\"Les Sphinges - Restaurant de l&#039;H\u00f4tel DuPeyrou\",\"isPartOf\":{\"@id\":\"https:\\\/\\\/dupeyrou.ch\\\/#website\"},\"datePublished\":\"2023-09-28T09:27:53+00:00\",\"dateModified\":\"2026-02-13T12:58:21+00:00\",\"description\":\"Les Sphinges de l'H\u00f4tel DuPeyrou \u00e0 Neuch\u00e2tel ne sont pas seulement des sculptures, elles sont le symbole d'une amiti\u00e9 et d'un projet empreint d'histoire.\",\"breadcrumb\":{\"@id\":\"https:\\\/\\\/dupeyrou.ch\\\/le-palais\\\/les-sphinges\\\/#breadcrumb\"},\"inLanguage\":\"en-GB\",\"potentialAction\":[{\"@type\":\"ReadAction\",\"target\":[\"https:\\\/\\\/dupeyrou.ch\\\/le-palais\\\/les-sphinges\\\/\"]}]},{\"@type\":\"BreadcrumbList\",\"@id\":\"https:\\\/\\\/dupeyrou.ch\\\/le-palais\\\/les-sphinges\\\/#breadcrumb\",\"itemListElement\":[{\"@type\":\"ListItem\",\"position\":1,\"name\":\"Accueil\",\"item\":\"https:\\\/\\\/dupeyrou.ch\\\/\"},{\"@type\":\"ListItem\",\"position\":2,\"name\":\"Le Palais\",\"item\":\"https:\\\/\\\/dupeyrou.ch\\\/le-palais\\\/\"},{\"@type\":\"ListItem\",\"position\":3,\"name\":\"Les Sphinges\"}]},{\"@type\":\"WebSite\",\"@id\":\"https:\\\/\\\/dupeyrou.ch\\\/#website\",\"url\":\"https:\\\/\\\/dupeyrou.ch\\\/\",\"name\":\"Restaurant de l&#039;H\u00f4tel DuPeyrou\",\"description\":\"Votre restaurant gastronomique \u00e0 Neuch\u00e2tel\",\"potentialAction\":[{\"@type\":\"SearchAction\",\"target\":{\"@type\":\"EntryPoint\",\"urlTemplate\":\"https:\\\/\\\/dupeyrou.ch\\\/?s={search_term_string}\"},\"query-input\":{\"@type\":\"PropertyValueSpecification\",\"valueRequired\":true,\"valueName\":\"search_term_string\"}}],\"inLanguage\":\"en-GB\"}]}<\/script>\n<!-- \/ Yoast SEO plugin. -->","yoast_head_json":{"title":"Les Sphinges - Restaurant de l&#039;H\u00f4tel DuPeyrou","description":"Les Sphinges de l'H\u00f4tel DuPeyrou \u00e0 Neuch\u00e2tel ne sont pas seulement des sculptures, elles sont le symbole d'une amiti\u00e9 et d'un projet empreint d'histoire.","robots":{"index":"index","follow":"follow","max-snippet":"max-snippet:-1","max-image-preview":"max-image-preview:large","max-video-preview":"max-video-preview:-1"},"canonical":"https:\/\/dupeyrou.ch\/en\/le-palais\/les-sphinges\/","og_locale":"en_GB","og_type":"article","og_title":"Les Sphinges - Restaurant de l&#039;H\u00f4tel DuPeyrou","og_description":"Les Sphinges de l'H\u00f4tel DuPeyrou \u00e0 Neuch\u00e2tel ne sont pas seulement des sculptures, elles sont le symbole d'une amiti\u00e9 et d'un projet empreint d'histoire.","og_url":"https:\/\/dupeyrou.ch\/en\/le-palais\/les-sphinges\/","og_site_name":"Restaurant de l&#039;H\u00f4tel DuPeyrou","article_modified_time":"2026-02-13T12:58:21+00:00","twitter_card":"summary_large_image","twitter_misc":{"Estimated reading time":"2 minutes"},"schema":{"@context":"https:\/\/schema.org","@graph":[{"@type":"WebPage","@id":"https:\/\/dupeyrou.ch\/le-palais\/les-sphinges\/","url":"https:\/\/dupeyrou.ch\/le-palais\/les-sphinges\/","name":"Les Sphinges - Restaurant de l&#039;H\u00f4tel DuPeyrou","isPartOf":{"@id":"https:\/\/dupeyrou.ch\/#website"},"datePublished":"2023-09-28T09:27:53+00:00","dateModified":"2026-02-13T12:58:21+00:00","description":"Les Sphinges de l'H\u00f4tel DuPeyrou \u00e0 Neuch\u00e2tel ne sont pas seulement des sculptures, elles sont le symbole d'une amiti\u00e9 et d'un projet empreint d'histoire.","breadcrumb":{"@id":"https:\/\/dupeyrou.ch\/le-palais\/les-sphinges\/#breadcrumb"},"inLanguage":"en-GB","potentialAction":[{"@type":"ReadAction","target":["https:\/\/dupeyrou.ch\/le-palais\/les-sphinges\/"]}]},{"@type":"BreadcrumbList","@id":"https:\/\/dupeyrou.ch\/le-palais\/les-sphinges\/#breadcrumb","itemListElement":[{"@type":"ListItem","position":1,"name":"Accueil","item":"https:\/\/dupeyrou.ch\/"},{"@type":"ListItem","position":2,"name":"Le Palais","item":"https:\/\/dupeyrou.ch\/le-palais\/"},{"@type":"ListItem","position":3,"name":"Les Sphinges"}]},{"@type":"WebSite","@id":"https:\/\/dupeyrou.ch\/#website","url":"https:\/\/dupeyrou.ch\/","name":"Restaurant at the H\u00f4tel DuPeyrou","description":"Your gourmet restaurant in Neuch\u00e2tel","potentialAction":[{"@type":"SearchAction","target":{"@type":"EntryPoint","urlTemplate":"https:\/\/dupeyrou.ch\/?s={search_term_string}"},"query-input":{"@type":"PropertyValueSpecification","valueRequired":true,"valueName":"search_term_string"}}],"inLanguage":"en-GB"}]}},"_links":{"self":[{"href":"https:\/\/dupeyrou.ch\/en\/wp-json\/wp\/v2\/pages\/28867","targetHints":{"allow":["GET"]}}],"collection":[{"href":"https:\/\/dupeyrou.ch\/en\/wp-json\/wp\/v2\/pages"}],"about":[{"href":"https:\/\/dupeyrou.ch\/en\/wp-json\/wp\/v2\/types\/page"}],"author":[{"embeddable":true,"href":"https:\/\/dupeyrou.ch\/en\/wp-json\/wp\/v2\/users\/1"}],"replies":[{"embeddable":true,"href":"https:\/\/dupeyrou.ch\/en\/wp-json\/wp\/v2\/comments?post=28867"}],"version-history":[{"count":4,"href":"https:\/\/dupeyrou.ch\/en\/wp-json\/wp\/v2\/pages\/28867\/revisions"}],"predecessor-version":[{"id":30367,"href":"https:\/\/dupeyrou.ch\/en\/wp-json\/wp\/v2\/pages\/28867\/revisions\/30367"}],"up":[{"embeddable":true,"href":"https:\/\/dupeyrou.ch\/en\/wp-json\/wp\/v2\/pages\/28898"}],"wp:attachment":[{"href":"https:\/\/dupeyrou.ch\/en\/wp-json\/wp\/v2\/media?parent=28867"}],"curies":[{"name":"wp","href":"https:\/\/api.w.org\/{rel}","templated":true}]}}