{"id":28873,"date":"2023-09-28T11:28:59","date_gmt":"2023-09-28T09:28:59","guid":{"rendered":"https:\/\/dupeyrou.ch\/?page_id=28873"},"modified":"2026-02-13T13:55:16","modified_gmt":"2026-02-13T12:55:16","slug":"menu-du-marche","status":"publish","type":"page","link":"https:\/\/dupeyrou.ch\/en\/le-restaurant\/menu-du-marche\/","title":{"rendered":"Market menu"},"content":{"rendered":"<p>[et_pb_section fb_built=\u00a0\u00bb1&Prime; fullwidth=\u00a0\u00bbon\u00a0\u00bb disabled_on=\u00a0\u00bboff|off|off\u00a0\u00bb admin_label=\u00a0\u00bbHero\u00a0\u00bb _builder_version=\u00a0\u00bb4.22.2&Prime; background_color=\u00a0\u00bb#011828&Prime; parallax=\u00a0\u00bbon\u00a0\u00bb custom_padding=\u00a0\u00bb|||\u00a0\u00bb hover_enabled=\u00a0\u00bb0&Prime; transparent_background=\u00a0\u00bbon\u00a0\u00bb global_colors_info=\u00a0\u00bb{}\u00a0\u00bb sticky_enabled=\u00a0\u00bb0&Prime;][et_pb_fullwidth_header title=\u00a0\u00bbLa Carte du Midi\u00a0\u00bb subhead=\u00a0\u00bbDisponible chaque jour \u00e0 midi\u00a0\u00bb text_orientation=\u00a0\u00bbcenter\u00a0\u00bb header_fullscreen=\u00a0\u00bbon\u00a0\u00bb header_scroll_down=\u00a0\u00bbon\u00a0\u00bb scroll_down_icon=\u00a0\u00bb%%1%%\u00a0\u00bb scroll_down_icon_color=\u00a0\u00bb#ffffff\u00a0\u00bb scroll_down_icon_size=\u00a0\u00bb61px\u00a0\u00bb button_one_url=\u00a0\u00bbhttps:\/\/dupeyrou.ch\/le-restaurant\/la-carte\/\u00a0\u00bb button_two_url=\u00a0\u00bbhttps:\/\/dupeyrou.ch\/le-palais\/contact\/\u00a0\u00bb background_overlay_color=\u00a0\u00bbrgba(0,0,0,0.36)\u00a0\u00bb logo_image_url=\u00a0\u00bbhttps:\/\/dupeyrou.ch\/wp-content\/uploads\/2026\/02\/HRDP_logo_V1.png\u00a0\u00bb subhead_font_color=\u00a0\u00bb#bebebe\u00a0\u00bb _builder_version=\u00a0\u00bb4.27.5&Prime; title_font=\u00a0\u00bbPlayfair Display||||\u00a0\u00bb title_text_align=\u00a0\u00bbcenter\u00a0\u00bb title_text_color=\u00a0\u00bb#ffffff\u00a0\u00bb title_font_size=\u00a0\u00bb48px\u00a0\u00bb title_line_height=\u00a0\u00bb1.3em\u00a0\u00bb content_font=\u00a0\u00bbMontserrat||||\u00a0\u00bb content_text_align=\u00a0\u00bbcenter\u00a0\u00bb content_text_color=\u00a0\u00bb#FFFFFF\u00a0\u00bb content_font_size=\u00a0\u00bb15px\u00a0\u00bb content_line_height=\u00a0\u00bb1.8em\u00a0\u00bb subhead_font=\u00a0\u00bbPlayfair Display||||||||\u00a0\u00bb subhead_text_color=\u00a0\u00bb#FFFFFF\u00a0\u00bb subhead_font_size=\u00a0\u00bb30px\u00a0\u00bb subhead_line_height=\u00a0\u00bb1.8em\u00a0\u00bb background_enable_color=\u00a0\u00bboff\u00a0\u00bb background_image=\u00a0\u00bbhttps:\/\/dupeyrou.ch\/wp-content\/uploads\/2023\/09\/2A3A8695-copy-2-scaled-2-scaled.jpg\u00a0\u00bb parallax=\u00a0\u00bbon\u00a0\u00bb parallax_method=\u00a0\u00bbon\u00a0\u00bb custom_button_one=\u00a0\u00bbon\u00a0\u00bb button_one_text_size=\u00a0\u00bb15px\u00a0\u00bb button_one_text_color=\u00a0\u00bb#ffffff\u00a0\u00bb button_one_border_width=\u00a0\u00bb2px\u00a0\u00bb button_one_border_color=\u00a0\u00bb#ffffff\u00a0\u00bb button_one_border_radius=\u00a0\u00bb0px\u00a0\u00bb button_one_letter_spacing=\u00a0\u00bb1px\u00a0\u00bb button_one_font=\u00a0\u00bbMontserrat|||on|\u00a0\u00bb button_one_use_icon=\u00a0\u00bboff\u00a0\u00bb custom_button_two=\u00a0\u00bbon\u00a0\u00bb button_two_text_size=\u00a0\u00bb15px\u00a0\u00bb button_two_text_color=\u00a0\u00bb#000000&Prime; button_two_bg_color=\u00a0\u00bb#f7eede\u00a0\u00bb button_two_border_width=\u00a0\u00bb2px\u00a0\u00bb button_two_border_color=\u00a0\u00bb#f7eede\u00a0\u00bb button_two_border_radius=\u00a0\u00bb0px\u00a0\u00bb button_two_letter_spacing=\u00a0\u00bb1px\u00a0\u00bb button_two_font=\u00a0\u00bbMontserrat|||on|\u00a0\u00bb button_two_use_icon=\u00a0\u00bboff\u00a0\u00bb animation_style=\u00a0\u00bbzoom\u00a0\u00bb animation_direction=\u00a0\u00bbleft\u00a0\u00bb animation_duration=\u00a0\u00bb1500ms\u00a0\u00bb animation_intensity_zoom=\u00a0\u00bb4%\u00a0\u00bb hover_enabled=\u00a0\u00bb0&Prime; title_font_size_tablet=\u00a0\u00bb\u00a0\u00bb title_font_size_phone=\u00a0\u00bb43px\u00a0\u00bb title_font_size_last_edited=\u00a0\u00bbon|desktop\u00a0\u00bb title_line_height_last_edited=\u00a0\u00bboff|desktop\u00a0\u00bb button_one_text_size_tablet=\u00a0\u00bb\u00a0\u00bb button_one_text_size_phone=\u00a0\u00bb15px\u00a0\u00bb button_one_text_size_last_edited=\u00a0\u00bbon|phone\u00a0\u00bb button_one_border_radius_hover=\u00a0\u00bb0px\u00a0\u00bb button_one_letter_spacing_hover=\u00a0\u00bb1px\u00a0\u00bb button_two_letter_spacing_hover=\u00a0\u00bb1px\u00a0\u00bb global_colors_info=\u00a0\u00bb{}\u00a0\u00bb button_one_text_size__hover_enabled=\u00a0\u00bboff\u00a0\u00bb button_two_text_size__hover_enabled=\u00a0\u00bboff\u00a0\u00bb button_one_text_color__hover_enabled=\u00a0\u00bboff\u00a0\u00bb button_two_text_color__hover_enabled=\u00a0\u00bboff\u00a0\u00bb button_one_border_width__hover_enabled=\u00a0\u00bboff\u00a0\u00bb button_two_border_width__hover_enabled=\u00a0\u00bboff\u00a0\u00bb button_one_border_color__hover_enabled=\u00a0\u00bboff\u00a0\u00bb button_two_border_color__hover_enabled=\u00a0\u00bboff\u00a0\u00bb button_one_border_radius__hover_enabled=\u00a0\u00bbon\u00a0\u00bb button_one_border_radius__hover=\u00a0\u00bb0px\u00a0\u00bb button_two_border_radius__hover_enabled=\u00a0\u00bboff\u00a0\u00bb button_one_letter_spacing__hover_enabled=\u00a0\u00bbon\u00a0\u00bb button_one_letter_spacing__hover=\u00a0\u00bb1px\u00a0\u00bb button_two_letter_spacing__hover_enabled=\u00a0\u00bbon\u00a0\u00bb button_two_letter_spacing__hover=\u00a0\u00bb1px\u00a0\u00bb button_one_bg_color__hover_enabled=\u00a0\u00bboff\u00a0\u00bb button_two_bg_color__hover_enabled=\u00a0\u00bboff\u00a0\u00bb background_overlay_color__hover_enabled=\u00a0\u00bbon|desktop\u00a0\u00bb background_overlay_color__hover=\u00a0\u00bbrgba(0,0,0,0.18)\u00a0\u00bb title_text=\u00a0\u00bbHRDP_logo_V1&Prime; sticky_enabled=\u00a0\u00bb0&Prime;][\/et_pb_fullwidth_header][\/et_pb_section][et_pb_section fb_built=\u00a0\u00bb1&Prime; admin_label=\u00a0\u00bbMenu Grid\u00a0\u00bb _builder_version=\u00a0\u00bb4.22.2&Prime; background_color=\u00a0\u00bb#011828&Prime; background_position=\u00a0\u00bbtop_left\u00a0\u00bb background_blend=\u00a0\u00bbmultiply\u00a0\u00bb custom_padding=\u00a0\u00bb0px|0px|0px|0px|true|false\u00a0\u00bb global_colors_info=\u00a0\u00bb{}\u00a0\u00bb][et_pb_row _builder_version=\u00a0\u00bb4.22.2&Prime; _module_preset=\u00a0\u00bbdefault\u00a0\u00bb global_colors_info=\u00a0\u00bb{}\u00a0\u00bb][et_pb_column type=\u00a0\u00bb4_4&Prime; _builder_version=\u00a0\u00bb4.22.2&Prime; _module_preset=\u00a0\u00bbdefault\u00a0\u00bb global_colors_info=\u00a0\u00bb{}\u00a0\u00bb][diec_event_carousel event_count=\u00a0\u00bb1&Prime; included_categories=\u00a0\u00bb9&Prime; image_align=\u00a0\u00bbtopimage_bottomdetail\u00a0\u00bb details_link_color=\u00a0\u00bb#FFFFFF\u00a0\u00bb details_icon_color=\u00a0\u00bb#FFFFFF\u00a0\u00bb details_label_color=\u00a0\u00bb#FFFFFF\u00a0\u00bb view_more_text=\u00a0\u00bbPlus d&rsquo;informations\u00a0\u00bb button_align=\u00a0\u00bbon\u00a0\u00bb _builder_version=\u00a0\u00bb4.27.4&Prime; _module_preset=\u00a0\u00bbdefault\u00a0\u00bb title_font=\u00a0\u00bbPlayfair Display||||||||\u00a0\u00bb title_text_align=\u00a0\u00bbcenter\u00a0\u00bb title_text_color=\u00a0\u00bb#FFFFFF\u00a0\u00bb duration_font=\u00a0\u00bbMontserrat||||||||\u00a0\u00bb duration_text_align=\u00a0\u00bbcenter\u00a0\u00bb duration_text_color=\u00a0\u00bb#FFFFFF\u00a0\u00bb excerpt_font=\u00a0\u00bbMontserrat||||||||\u00a0\u00bb excerpt_text_align=\u00a0\u00bbleft\u00a0\u00bb excerpt_text_color=\u00a0\u00bb#FFFFFF\u00a0\u00bb custom_view_more=\u00a0\u00bbon\u00a0\u00bb view_more_text_color=\u00a0\u00bb#FFFFFF\u00a0\u00bb view_more_alignment=\u00a0\u00bbcenter\u00a0\u00bb custom_padding=\u00a0\u00bb15vh||15vh||true|false\u00a0\u00bb global_colors_info=\u00a0\u00bb{}\u00a0\u00bb][\/diec_event_carousel][\/et_pb_column][\/et_pb_row][\/et_pb_section]<\/p>\n","protected":false},"excerpt":{"rendered":"<div class=\"et_pb_module diec_event_carousel diec_event_carousel_0 et_pb_bg_layout_ \">\n\t\t\t\t\n\t\t\t\t\n\t\t\t\t\n\t\t\t\t\n\t\t\t\t\n\t\t\t\t\n\t\t\t\t<div class=\"et_pb_module_inner\">\n\t\t\t\t\t\n\t\t\t\t<style><\/style><div class=\" \">\n\t\t\t\t\t\n\t\t\t\t\t\n\t\t\t\t\t<div >\n\t\t\t\t\t\t<div class=\"owl-carousel diec_event_carousel_style_class  append_events row_equal row ecs-event-list event-display_style\"leftimage_rightdetail\" data-autoplay=\"on\" show_arrows=\"on\" show_arrows_tablet=\"\" show_arrows_phone=\"\"show_control=\"on\" data-mouse-drag=\"on\" data-touch-drag=\"on\"data-autoplaytimeout=\"5000\" data-hoverpause=\"off\" columns_type=\"1\" data=\"1\" image_align=\"topimage_bottomdetail\" loopstatus=\"\"><div class=\"  col-md-12 col-sm-12 ecs-event ecs-event-posts clearfix menu-du-marche_ecs_category\" style=\"margin-top:; margin-bottom:\" \"><article id=\"event_article_30189\" class=\"act-post et_pb_with_border\"  style=\";background:;margin-right:; margin-left:\" \" ><div class=\"row\" style=\"\" > <div class=\"decm-show-image-left col-md-12\"><\/div><div class=\"col-md-12\"><h2 class=\"entry-title title1 summary\"><a href=\"https:\/\/dupeyrou.ch\/en\/event\/menu-du-midi\/\" rel=\"bookmark\">Menu du midi<\/a><\/h2><h4 class=\"entry-title title2 summary\"><a href=\"https:\/\/dupeyrou.ch\/en\/event\/menu-du-midi\/\" rel=\"bookmark\">Menu du midi<\/a><\/h4><div class=\"decm-show-detail-center\"><span class=\" ecs-eventDate duration time\">12 August 2025<\/span><span class=\" ecs-eventTime duration time\"> @ 8h00<\/span><span class=\" ecs-eventDate duration time\"> - 31 July 2026<\/span><span class=\" ecs-eventTime duration time\"> @ 17h00<\/span><span class=\" ecs-categories \"> | <a href=\"https:\/\/dupeyrou.ch\/en\/events\/category\/menu-du-marche\/\" >Menu du March\u00e9<\/a><\/span><\/div><p class=\"  ecs-excerpt\">Le Lunch DuPeyrou \u00a0 Entr\u00e9es Salade de caille et betterave, vinaigre balsamique et poire croquante Tataki de thon, asperges vertes et petits pois Asperge blanche, chorizo des fr\u00e8res Alcala et<\/p><p class=\"ecs-showdetail et_pb_button_wrapper mb-2\" ><a class=\"act-view-more et_pb_button et_pb_custom_button_icon   \" href=\"https:\/\/dupeyrou.ch\/en\/event\/menu-du-midi\/\" rel=\"bookmark\"  data-icon=\"\" data-icon-tablet=\"\" data-icon-phone=\"\">Plus d'informations<\/a><\/p><\/div><\/div><\/article><\/div><\/div>\n\t<input type=\"hidden\" name=\"eventfeed_prev_page\" id=\"eventfeed_prev_page\" value=\"0\">\n\t<input type=\"hidden\" name=\"eventfeed_current_page\" id=\"eventfeed_current_page\" value=\"1\">\n\t<input type=\"hidden\" name=\"eventfeed_page\" id=\"eventfeed_page\" value=\"\">\n\t<input type=\"hidden\" name=\"eventfeed_max_page\" id=\"eventfeed_max_page\" value=\"1\"><input type=\"hidden\" name=\"eventfeed_load_img\" id=\"eventfeed_load_img\" value=\"https:\/\/dupeyrou.ch\/wp-content\/plugins\/divi-event-calendar-module\/includes\/modules\/EventCarousel\/ajax-loader.gif\">\n\t\t\t\t\t<\/div>\n\t\t\t\t<\/div>\n\t\t\t\t<script>\n\n\t\t\t\t    \n\t\t\t\t\t\n\t\t\t\t\n\t\t\t\t\tjQuery(document).ready(function(){\n\t\tjQuery(window).on('resize',function(){\n\t\t\t\t\tvar screenWidth = jQuery(this).width();\n\t\t\t\t\tif(screenWidth > 1199){\n\t\t\t\t\t\tvar setHeightColumns = function(){ \n\t\t\t\t\t\t\tvar column_loop_row = 0;\n\t\t\t\t\t\t\tvar column_height = 0;\n\t\t\t\t\t\t\tvar ids = [];\n\t\t\t\t\t\t\tvar total_Count = 0;\n\t\t\t\t\t\t\tvar total_Events = jQuery('.diec_event_carousel_0 .ecs-event-posts').length; \n\t\t\t\t\t\t\tjQuery('.diec_event_carousel_0 .ecs-event-posts').each(function(){\n\t\t\t\t\t\t\t++column_loop_row;\n\t\t\t\t\t\t\t++total_Count;\n\t\t\t\t\t\t\tvar Event_id = jQuery(this).children('article')[0].id;\n\t\t\t\t\t\t\tids.push(Event_id);\n\t\t\t\t\t\t\t\/\/console.log(column_height);\n\t\t\t\t\t\t\t\n\t\t\t\t\t\t\tcolumn_height = jQuery(this).find('#'+Event_id).children('.row').height() >= column_height ? jQuery(this).find('#'+Event_id).children('.row').height() : column_height;\n\t\t\t\t\t\n\t\t\t\t\t\t\tif(total_Count == total_Events)\n\t\t\t\t\t\t\t{      \n\t\t\t\t\t\t\t\n\t\t\t\t\t\t\t\tids.map(function(id,index){\n\t\t\t\t\t\t\t\t\tvar tempHeight = parseInt(column_height) - parseInt(jQuery('.diec_event_carousel_0 #'+id+' .row > div:first-child').height());jQuery('.diec_event_carousel_0 #'+id+' .row > div:last-child').css('height',tempHeight);\t\n\t\t\t\t\t\t\t\t});  \n\t\t\t\t\t\t\t\tcolumn_loop_row = 0;\n\t\t\t\t\t\t\t\tcolumn_height = 0;\n\t\t\t\t\t\t\t\tids = [];\n\t\t\t\t\t\t\t}\n\t\t\t\t\t\t\t});\n\t\t\t\t\t\t\tjQuery('.diec_event_carousel_0 p.ecs-showdetail').css({\"position\":\"absolute\",\"bottom\":\"10px\",\"width\":\"94.7%\" });\n\t\t\t\t\t\t}\n\t\t\t\t\t\tsetTimeout(setHeightColumns, 7000);\n\t\t\t\t\t\tif(document.readyState == 'complete')\n\t\t\t\t\t\tsetHeightColumns();\n\t\t\t\t\t}\n\t\t\t\t\telse{\n\t\t\t\t\t\tjQuery('.diec_event_carousel_0 .ecs-event-posts').each(function(){\n\t\t\t\t\t\t\tvar id = jQuery(this).children('article')[0].id;\n\t\t\t\t\t\t\t\n\t\tjQuery('.diec_event_carousel_0 #'+id+' .row > div:first-child').css('height','100%');\n\t\tjQuery('.diec_event_carousel_0 #'+id+' .row > div:last-child').css('height','100%');\n\t\tjQuery('.diec_event_carousel_0 p.ecs-showdetail').css({\"position\":\"unset\",\"width\":\"auto\" });\n\t\t\n\t\t\t\t\t\t\t});\n\t\t\t\t\t}\n\n\t\t\t\t});\n\t\t\t});\n\t\t\t\t<\/script>\n\t\t\n\t\t\t\t\n\t\t\t\n\t\t\t\t<\/div>\n\t\t\t<\/div>\n","protected":false},"author":1,"featured_media":0,"parent":28900,"menu_order":0,"comment_status":"closed","ping_status":"closed","template":"","meta":{"_et_pb_use_builder":"on","_et_pb_old_content":"","_et_gb_content_width":"","footnotes":""},"class_list":["post-28873","page","type-page","status-publish","hentry"],"yoast_head":"<!-- This site is optimized with the Yoast SEO plugin v27.4 - https:\/\/yoast.com\/product\/yoast-seo-wordpress\/ -->\n<title>Menu du march\u00e9 - Restaurant de l&#039;H\u00f4tel DuPeyrou<\/title>\n<meta name=\"description\" content=\"Le menu du march\u00e9, disponible chaque jour \u00e0 midi.\" \/>\n<meta name=\"robots\" content=\"index, follow, max-snippet:-1, max-image-preview:large, max-video-preview:-1\" \/>\n<link rel=\"canonical\" href=\"https:\/\/dupeyrou.ch\/en\/le-restaurant\/menu-du-marche\/\" \/>\n<meta property=\"og:locale\" content=\"en_GB\" \/>\n<meta property=\"og:type\" content=\"article\" \/>\n<meta property=\"og:title\" content=\"Menu du march\u00e9 - Restaurant de l&#039;H\u00f4tel DuPeyrou\" \/>\n<meta property=\"og:description\" content=\"Le menu du march\u00e9, disponible chaque jour \u00e0 midi.\" \/>\n<meta property=\"og:url\" content=\"https:\/\/dupeyrou.ch\/en\/le-restaurant\/menu-du-marche\/\" \/>\n<meta property=\"og:site_name\" content=\"Restaurant de l&#039;H\u00f4tel DuPeyrou\" \/>\n<meta property=\"article:modified_time\" content=\"2026-02-13T12:55:16+00:00\" \/>\n<meta name=\"twitter:card\" content=\"summary_large_image\" \/>\n<meta name=\"twitter:label1\" content=\"Estimated reading time\" \/>\n\t<meta name=\"twitter:data1\" content=\"1 minute\" \/>\n<script type=\"application\/ld+json\" class=\"yoast-schema-graph\">{\"@context\":\"https:\\\/\\\/schema.org\",\"@graph\":[{\"@type\":\"WebPage\",\"@id\":\"https:\\\/\\\/dupeyrou.ch\\\/le-restaurant\\\/menu-du-marche\\\/\",\"url\":\"https:\\\/\\\/dupeyrou.ch\\\/le-restaurant\\\/menu-du-marche\\\/\",\"name\":\"Menu du march\u00e9 - Restaurant de l&#039;H\u00f4tel DuPeyrou\",\"isPartOf\":{\"@id\":\"https:\\\/\\\/dupeyrou.ch\\\/#website\"},\"datePublished\":\"2023-09-28T09:28:59+00:00\",\"dateModified\":\"2026-02-13T12:55:16+00:00\",\"description\":\"Le menu du march\u00e9, disponible chaque jour \u00e0 midi.\",\"breadcrumb\":{\"@id\":\"https:\\\/\\\/dupeyrou.ch\\\/le-restaurant\\\/menu-du-marche\\\/#breadcrumb\"},\"inLanguage\":\"en-GB\",\"potentialAction\":[{\"@type\":\"ReadAction\",\"target\":[\"https:\\\/\\\/dupeyrou.ch\\\/le-restaurant\\\/menu-du-marche\\\/\"]}]},{\"@type\":\"BreadcrumbList\",\"@id\":\"https:\\\/\\\/dupeyrou.ch\\\/le-restaurant\\\/menu-du-marche\\\/#breadcrumb\",\"itemListElement\":[{\"@type\":\"ListItem\",\"position\":1,\"name\":\"Accueil\",\"item\":\"https:\\\/\\\/dupeyrou.ch\\\/\"},{\"@type\":\"ListItem\",\"position\":2,\"name\":\"Le Restaurant\",\"item\":\"https:\\\/\\\/dupeyrou.ch\\\/le-restaurant\\\/\"},{\"@type\":\"ListItem\",\"position\":3,\"name\":\"Menu du march\u00e9\"}]},{\"@type\":\"WebSite\",\"@id\":\"https:\\\/\\\/dupeyrou.ch\\\/#website\",\"url\":\"https:\\\/\\\/dupeyrou.ch\\\/\",\"name\":\"Restaurant de l&#039;H\u00f4tel DuPeyrou\",\"description\":\"Votre restaurant gastronomique \u00e0 Neuch\u00e2tel\",\"potentialAction\":[{\"@type\":\"SearchAction\",\"target\":{\"@type\":\"EntryPoint\",\"urlTemplate\":\"https:\\\/\\\/dupeyrou.ch\\\/?s={search_term_string}\"},\"query-input\":{\"@type\":\"PropertyValueSpecification\",\"valueRequired\":true,\"valueName\":\"search_term_string\"}}],\"inLanguage\":\"en-GB\"}]}<\/script>\n<!-- \/ Yoast SEO plugin. -->","yoast_head_json":{"title":"Menu du march\u00e9 - Restaurant de l&#039;H\u00f4tel DuPeyrou","description":"Le menu du march\u00e9, disponible chaque jour \u00e0 midi.","robots":{"index":"index","follow":"follow","max-snippet":"max-snippet:-1","max-image-preview":"max-image-preview:large","max-video-preview":"max-video-preview:-1"},"canonical":"https:\/\/dupeyrou.ch\/en\/le-restaurant\/menu-du-marche\/","og_locale":"en_GB","og_type":"article","og_title":"Menu du march\u00e9 - Restaurant de l&#039;H\u00f4tel DuPeyrou","og_description":"Le menu du march\u00e9, disponible chaque jour \u00e0 midi.","og_url":"https:\/\/dupeyrou.ch\/en\/le-restaurant\/menu-du-marche\/","og_site_name":"Restaurant de l&#039;H\u00f4tel DuPeyrou","article_modified_time":"2026-02-13T12:55:16+00:00","twitter_card":"summary_large_image","twitter_misc":{"Estimated reading time":"1 minute"},"schema":{"@context":"https:\/\/schema.org","@graph":[{"@type":"WebPage","@id":"https:\/\/dupeyrou.ch\/le-restaurant\/menu-du-marche\/","url":"https:\/\/dupeyrou.ch\/le-restaurant\/menu-du-marche\/","name":"Menu du march\u00e9 - Restaurant de l&#039;H\u00f4tel DuPeyrou","isPartOf":{"@id":"https:\/\/dupeyrou.ch\/#website"},"datePublished":"2023-09-28T09:28:59+00:00","dateModified":"2026-02-13T12:55:16+00:00","description":"Le menu du march\u00e9, disponible chaque jour \u00e0 midi.","breadcrumb":{"@id":"https:\/\/dupeyrou.ch\/le-restaurant\/menu-du-marche\/#breadcrumb"},"inLanguage":"en-GB","potentialAction":[{"@type":"ReadAction","target":["https:\/\/dupeyrou.ch\/le-restaurant\/menu-du-marche\/"]}]},{"@type":"BreadcrumbList","@id":"https:\/\/dupeyrou.ch\/le-restaurant\/menu-du-marche\/#breadcrumb","itemListElement":[{"@type":"ListItem","position":1,"name":"Accueil","item":"https:\/\/dupeyrou.ch\/"},{"@type":"ListItem","position":2,"name":"Le Restaurant","item":"https:\/\/dupeyrou.ch\/le-restaurant\/"},{"@type":"ListItem","position":3,"name":"Menu du march\u00e9"}]},{"@type":"WebSite","@id":"https:\/\/dupeyrou.ch\/#website","url":"https:\/\/dupeyrou.ch\/","name":"Restaurant at the H\u00f4tel DuPeyrou","description":"Your gourmet restaurant in Neuch\u00e2tel","potentialAction":[{"@type":"SearchAction","target":{"@type":"EntryPoint","urlTemplate":"https:\/\/dupeyrou.ch\/?s={search_term_string}"},"query-input":{"@type":"PropertyValueSpecification","valueRequired":true,"valueName":"search_term_string"}}],"inLanguage":"en-GB"}]}},"_links":{"self":[{"href":"https:\/\/dupeyrou.ch\/en\/wp-json\/wp\/v2\/pages\/28873","targetHints":{"allow":["GET"]}}],"collection":[{"href":"https:\/\/dupeyrou.ch\/en\/wp-json\/wp\/v2\/pages"}],"about":[{"href":"https:\/\/dupeyrou.ch\/en\/wp-json\/wp\/v2\/types\/page"}],"author":[{"embeddable":true,"href":"https:\/\/dupeyrou.ch\/en\/wp-json\/wp\/v2\/users\/1"}],"replies":[{"embeddable":true,"href":"https:\/\/dupeyrou.ch\/en\/wp-json\/wp\/v2\/comments?post=28873"}],"version-history":[{"count":6,"href":"https:\/\/dupeyrou.ch\/en\/wp-json\/wp\/v2\/pages\/28873\/revisions"}],"predecessor-version":[{"id":30363,"href":"https:\/\/dupeyrou.ch\/en\/wp-json\/wp\/v2\/pages\/28873\/revisions\/30363"}],"up":[{"embeddable":true,"href":"https:\/\/dupeyrou.ch\/en\/wp-json\/wp\/v2\/pages\/28900"}],"wp:attachment":[{"href":"https:\/\/dupeyrou.ch\/en\/wp-json\/wp\/v2\/media?parent=28873"}],"curies":[{"name":"wp","href":"https:\/\/api.w.org\/{rel}","templated":true}]}}