{"id":28892,"date":"2023-09-28T11:33:16","date_gmt":"2023-09-28T09:33:16","guid":{"rendered":"https:\/\/dupeyrou.ch\/?page_id=28892"},"modified":"2026-02-13T14:00:30","modified_gmt":"2026-02-13T13:00:30","slug":"evenements","status":"publish","type":"page","link":"https:\/\/dupeyrou.ch\/en\/actualites\/evenements\/","title":{"rendered":"Events"},"content":{"rendered":"<p>[et_pb_section fb_built=\u00a0\u00bb1&Prime; fullwidth=\u00a0\u00bbon\u00a0\u00bb disabled_on=\u00a0\u00bboff|off|off\u00a0\u00bb admin_label=\u00a0\u00bbHero\u00a0\u00bb _builder_version=\u00a0\u00bb4.16&Prime; background_color=\u00a0\u00bb#1f1f1f\u00a0\u00bb parallax=\u00a0\u00bbon\u00a0\u00bb custom_padding=\u00a0\u00bb|||\u00a0\u00bb transparent_background=\u00a0\u00bbon\u00a0\u00bb global_colors_info=\u00a0\u00bb{}\u00a0\u00bb][et_pb_fullwidth_header title=\u00a0\u00bbEv\u00e9nements \u00a0\u00bb subhead=\u00a0\u00bbau Restaurant de l&rsquo;H\u00f4tel DuPeyrou\u00a0\u00bb text_orientation=\u00a0\u00bbcenter\u00a0\u00bb header_scroll_down=\u00a0\u00bbon\u00a0\u00bb scroll_down_icon=\u00a0\u00bb%%1%%\u00a0\u00bb background_overlay_color=\u00a0\u00bbrgba(31,31,31,0.66)\u00a0\u00bb logo_image_url=\u00a0\u00bbhttps:\/\/dupeyrou.ch\/wp-content\/uploads\/2026\/02\/HRDP_logo_V1.png\u00a0\u00bb subhead_font_color=\u00a0\u00bb#bebebe\u00a0\u00bb _builder_version=\u00a0\u00bb4.27.5&Prime; title_font=\u00a0\u00bbPlayfair Display||||\u00a0\u00bb title_text_color=\u00a0\u00bb#ffffff\u00a0\u00bb title_font_size=\u00a0\u00bb42px\u00a0\u00bb title_line_height=\u00a0\u00bb1.3em\u00a0\u00bb content_font=\u00a0\u00bbMontserrat||||\u00a0\u00bb content_text_color=\u00a0\u00bb#bfbfbf\u00a0\u00bb content_line_height=\u00a0\u00bb1.8em\u00a0\u00bb subhead_font=\u00a0\u00bbMontserrat||||\u00a0\u00bb subhead_text_color=\u00a0\u00bb#bebebe\u00a0\u00bb subhead_font_size=\u00a0\u00bb19px\u00a0\u00bb subhead_letter_spacing=\u00a0\u00bb2px\u00a0\u00bb subhead_line_height=\u00a0\u00bb1.8em\u00a0\u00bb background_color=\u00a0\u00bbrgba(255, 255, 255, 0)\u00a0\u00bb background_image=\u00a0\u00bbhttps:\/\/dupeyrou.ch\/wp-content\/uploads\/2023\/10\/Untitled_Panorama-1-copy-scaled-1-scaled.jpg\u00a0\u00bb parallax=\u00a0\u00bbon\u00a0\u00bb parallax_method=\u00a0\u00bbon\u00a0\u00bb custom_padding=\u00a0\u00bb9.7%||9.7%||true|\u00a0\u00bb animation_style=\u00a0\u00bbzoom\u00a0\u00bb animation_duration=\u00a0\u00bb1500ms\u00a0\u00bb animation_intensity_zoom=\u00a0\u00bb4%\u00a0\u00bb hover_enabled=\u00a0\u00bb0&Prime; title_line_height_last_edited=\u00a0\u00bboff|desktop\u00a0\u00bb global_colors_info=\u00a0\u00bb{}\u00a0\u00bb button_one_text_size__hover_enabled=\u00a0\u00bboff\u00a0\u00bb button_two_text_size__hover_enabled=\u00a0\u00bboff\u00a0\u00bb button_one_text_color__hover_enabled=\u00a0\u00bboff\u00a0\u00bb button_two_text_color__hover_enabled=\u00a0\u00bboff\u00a0\u00bb button_one_border_width__hover_enabled=\u00a0\u00bboff\u00a0\u00bb button_two_border_width__hover_enabled=\u00a0\u00bboff\u00a0\u00bb button_one_border_color__hover_enabled=\u00a0\u00bboff\u00a0\u00bb button_two_border_color__hover_enabled=\u00a0\u00bboff\u00a0\u00bb button_one_border_radius__hover_enabled=\u00a0\u00bboff\u00a0\u00bb button_two_border_radius__hover_enabled=\u00a0\u00bboff\u00a0\u00bb button_one_letter_spacing__hover_enabled=\u00a0\u00bboff\u00a0\u00bb button_two_letter_spacing__hover_enabled=\u00a0\u00bboff\u00a0\u00bb button_one_bg_color__hover_enabled=\u00a0\u00bboff\u00a0\u00bb button_two_bg_color__hover_enabled=\u00a0\u00bboff\u00a0\u00bb title_text=\u00a0\u00bbHRDP_logo_V1&Prime; sticky_enabled=\u00a0\u00bb0&Prime;][\/et_pb_fullwidth_header][\/et_pb_section][et_pb_section fb_built=\u00a0\u00bb1&Prime; admin_label=\u00a0\u00bbOur Story\u00a0\u00bb _builder_version=\u00a0\u00bb4.16&Prime; background_color=\u00a0\u00bb#ffffff\u00a0\u00bb background_position=\u00a0\u00bbtop_left\u00a0\u00bb custom_padding=\u00a0\u00bb3px|0px|0px|0px||\u00a0\u00bb collapsed=\u00a0\u00bboff\u00a0\u00bb global_colors_info=\u00a0\u00bb{}\u00a0\u00bb][et_pb_row _builder_version=\u00a0\u00bb4.16&Prime; background_size=\u00a0\u00bbinitial\u00a0\u00bb background_position=\u00a0\u00bbtop_left\u00a0\u00bb background_repeat=\u00a0\u00bbrepeat\u00a0\u00bb custom_margin=\u00a0\u00bb|||\u00a0\u00bb custom_padding=\u00a0\u00bb125px||0px||false|\u00a0\u00bb global_colors_info=\u00a0\u00bb{}\u00a0\u00bb][et_pb_column type=\u00a0\u00bb4_4&Prime; _builder_version=\u00a0\u00bb4.16&Prime; background_position=\u00a0\u00bbtop_left\u00a0\u00bb custom_padding=\u00a0\u00bb60px|||\u00a0\u00bb global_colors_info=\u00a0\u00bb{}\u00a0\u00bb custom_padding__hover=\u00a0\u00bb|||\u00a0\u00bb][et_pb_divider show_divider=\u00a0\u00bboff\u00a0\u00bb _builder_version=\u00a0\u00bb4.16&Prime; max_width=\u00a0\u00bb60px\u00a0\u00bb module_alignment=\u00a0\u00bbleft\u00a0\u00bb custom_margin=\u00a0\u00bb||10px|\u00a0\u00bb saved_tabs=\u00a0\u00bball\u00a0\u00bb locked=\u00a0\u00bboff\u00a0\u00bb global_colors_info=\u00a0\u00bb{}\u00a0\u00bb][\/et_pb_divider][et_pb_text disabled_on=\u00a0\u00bbon|on|off\u00a0\u00bb _builder_version=\u00a0\u00bb4.22.2&Prime; text_font=\u00a0\u00bb||||\u00a0\u00bb text_text_color=\u00a0\u00bb#1f1f1f\u00a0\u00bb header_font=\u00a0\u00bb||||||||\u00a0\u00bb header_text_align=\u00a0\u00bbcenter\u00a0\u00bb header_2_font=\u00a0\u00bbPlayfair Display||||\u00a0\u00bb header_2_text_align=\u00a0\u00bbcenter\u00a0\u00bb header_2_font_size=\u00a0\u00bb48px\u00a0\u00bb header_2_line_height=\u00a0\u00bb1.3em\u00a0\u00bb background_size=\u00a0\u00bbinitial\u00a0\u00bb background_position=\u00a0\u00bbtop_left\u00a0\u00bb background_repeat=\u00a0\u00bbrepeat\u00a0\u00bb global_colors_info=\u00a0\u00bb{}\u00a0\u00bb header_font_size__hover=\u00a0\u00bb30px\u00a0\u00bb header_font_size__hover_enabled=\u00a0\u00bb30px\u00a0\u00bb header_letter_spacing__hover=\u00a0\u00bb0px\u00a0\u00bb header_letter_spacing__hover_enabled=\u00a0\u00bb0px\u00a0\u00bb header_text_shadow_style__hover=\u00a0\u00bbnone\u00a0\u00bb header_text_shadow_style__hover_enabled=\u00a0\u00bbnone\u00a0\u00bb header_text_shadow_color__hover=\u00a0\u00bbrgba(0,0,0,0.4)\u00a0\u00bb header_text_shadow_color__hover_enabled=\u00a0\u00bbrgba(0,0,0,0.4)\u00a0\u00bb]<\/p>\n<h2>Nos prochains \u00e9v\u00e9nements<\/h2>\n<p>[\/et_pb_text][\/et_pb_column][\/et_pb_row][et_pb_row use_custom_gutter=\u00a0\u00bbon\u00a0\u00bb gutter_width=\u00a0\u00bb2&Prime; custom_padding_last_edited=\u00a0\u00bbon|phone\u00a0\u00bb _builder_version=\u00a0\u00bb4.17.4&Prime; _module_preset=\u00a0\u00bbdefault\u00a0\u00bb width=\u00a0\u00bb70%\u00a0\u00bb width_tablet=\u00a0\u00bb70%\u00a0\u00bb width_phone=\u00a0\u00bb85%\u00a0\u00bb width_last_edited=\u00a0\u00bbon|phone\u00a0\u00bb custom_margin=\u00a0\u00bb||2vh||false|false\u00a0\u00bb custom_padding_tablet=\u00a0\u00bb\u00a0\u00bb custom_padding_phone=\u00a0\u00bb||||false|false\u00a0\u00bb global_colors_info=\u00a0\u00bb{}\u00a0\u00bb][et_pb_column type=\u00a0\u00bb4_4&Prime; _builder_version=\u00a0\u00bb4.16&Prime; _module_preset=\u00a0\u00bbdefault\u00a0\u00bb global_colors_info=\u00a0\u00bb{}\u00a0\u00bb][diec_event_carousel included_categories=\u00a0\u00bb10&Prime; _builder_version=\u00a0\u00bb4.22.2&Prime; _module_preset=\u00a0\u00bbdefault\u00a0\u00bb global_colors_info=\u00a0\u00bb{}\u00a0\u00bb][\/diec_event_carousel][\/et_pb_column][\/et_pb_row][\/et_pb_section]<\/p>\n","protected":false},"excerpt":{"rendered":"<p>Nos prochains \u00e9v\u00e9nements<div class=\"et_pb_module diec_event_carousel diec_event_carousel_0 et_pb_bg_layout_ \">\n\t\t\t\t\n\t\t\t\t\n\t\t\t\t\n\t\t\t\t\n\t\t\t\t\n\t\t\t\t\n\t\t\t\t<div class=\"et_pb_module_inner\">\n\t\t\t\t\t\n\t\t\t\t<style><\/style><div class=\" \">\n\t\t\t\t\t\n\t\t\t\t\t\n\t\t\t\t\t<div >\n\t\t\t\t\t\t<div class=\"owl-carousel diec_event_carousel_style_class  append_events row_equal row ecs-event-list event-display_style\"leftimage_rightdetail\" data-autoplay=\"on\" show_arrows=\"on\" show_arrows_tablet=\"\" show_arrows_phone=\"\"show_control=\"on\" data-mouse-drag=\"on\" data-touch-drag=\"on\"data-autoplaytimeout=\"5000\" data-hoverpause=\"off\" columns_type=\"1\" data=\"1\" image_align=\"leftimage_rightdetail\" loopstatus=\"1\"><div class=\"  col-md-12 col-sm-12 ecs-event ecs-event-posts clearfix evenements_ecs_category\" style=\"margin-top:; margin-bottom:\" \"><article id=\"event_article_30406\" class=\"act-post et_pb_with_border\"  style=\";background:;margin-right:; margin-left:\" \" ><div class=\"row\" style=\"\" > <div class=\"decm-show-image-left col-md-4\"><a href=\"https:\/\/dupeyrou.ch\/en\/event\/brunch-de-la-fete-des-meres-%f0%9f%92%90\/\"><img width=\"800\" height=\"800\" src=\"https:\/\/dupeyrou.ch\/wp-content\/uploads\/2026\/02\/11-980x980.jpg\" class=\"attachment-800x800 size-800x800 wp-post-image\" alt=\"\" decoding=\"async\" loading=\"lazy\" \/><\/a><\/div><div class=\"col-md-8\"><h2 class=\"entry-title title1 summary\"><a href=\"https:\/\/dupeyrou.ch\/en\/event\/brunch-de-la-fete-des-meres-%f0%9f%92%90\/\" rel=\"bookmark\">Brunch de la F\u00eate des M\u00e8res \ud83d\udc90<\/a><\/h2><h4 class=\"entry-title title2 summary\"><a href=\"https:\/\/dupeyrou.ch\/en\/event\/brunch-de-la-fete-des-meres-%f0%9f%92%90\/\" rel=\"bookmark\">Brunch de la F\u00eate des M\u00e8res \ud83d\udc90<\/a><\/h4><div class=\"decm-show-detail-center\"><span class=\" ecs-eventDate duration time\">10 May 2026<\/span><span class=\" ecs-eventTime duration time\"> @ 11h30<\/span><span class=\" ecs-eventTime duration time\"> - 14h30<\/span><span class=\" ecs-venue duration venue \"><em> at <\/em>Restaurant de L&rsquo;H\u00f4tel DuPeyrou<\/span><span class=\" ecs-categories \"> | <a href=\"https:\/\/dupeyrou.ch\/en\/events\/category\/evenements\/\" >\u00c9v\u00e9nements<\/a><\/span><\/div><p class=\"  ecs-excerpt\">Offrez \u00e0 votre Maman un d\u00e9licieux moment : le dimanche 10 mai d\u00e8s 11h30, venez partager notre brunch de F\u00eate des M\u00e8res en famille ! Au menu\u00a0: Une vari\u00e9t\u00e9 d\u2019hors-d\u2019\u0153uvre<\/p><p class=\"ecs-showdetail et_pb_button_wrapper mb-2\" ><a class=\"act-view-more et_pb_button \" href=\"https:\/\/dupeyrou.ch\/en\/event\/brunch-de-la-fete-des-meres-%f0%9f%92%90\/\" rel=\"bookmark\"  data-icon=\"\" data-icon-tablet=\"\" data-icon-phone=\"\">More Info<\/a><\/p><\/div><\/div><\/article><\/div><div class=\"  col-md-12 col-sm-12 ecs-event ecs-event-posts clearfix evenements_ecs_category\" style=\"margin-top:; margin-bottom:\" \"><article id=\"event_article_30391\" class=\"act-post et_pb_with_border\"  style=\";background:;margin-right:; margin-left:\" \" ><div class=\"row\" style=\"\" > <div class=\"decm-show-image-left col-md-4\"><\/div><div class=\"col-md-8\"><h2 class=\"entry-title title1 summary\"><a href=\"https:\/\/dupeyrou.ch\/en\/event\/soiree-degustation-vignoble-bordelais-avec-le-chateau-fourcas-hosten\/\" rel=\"bookmark\">Soir\u00e9e D\u00e9gustation vignoble bordelais<\/a><\/h2><h4 class=\"entry-title title2 summary\"><a href=\"https:\/\/dupeyrou.ch\/en\/event\/soiree-degustation-vignoble-bordelais-avec-le-chateau-fourcas-hosten\/\" rel=\"bookmark\">Soir\u00e9e D\u00e9gustation vignoble bordelais<\/a><\/h4><div class=\"decm-show-detail-center\"><span class=\" ecs-eventDate duration time\">22 May 2026<\/span><span class=\" ecs-eventTime duration time\"> @ 19h00<\/span><span class=\" ecs-eventDate duration time\"> - 23 May 2026<\/span><span class=\" ecs-eventTime duration time\"> @ 17h00<\/span><span class=\" ecs-venue duration venue \"><em> at <\/em>Restaurant de L&rsquo;H\u00f4tel DuPeyrou<\/span><span class=\" ecs-categories \"> | <a href=\"https:\/\/dupeyrou.ch\/en\/events\/category\/evenements\/\" >\u00c9v\u00e9nements<\/a><\/span><\/div><p class=\"  ecs-excerpt\">Vendredi 22 mai \u00e0 19h00 &nbsp; Au programme : &#8211; Ap\u00e9ritif et pr\u00e9sentation du Ch\u00e2teau &#8211; Puis menu d\u00e9gustation avec accord des vins (D\u00e9tails du menu \u00e0 venir) CHF 185.-<\/p><p class=\"ecs-showdetail et_pb_button_wrapper mb-2\" ><a class=\"act-view-more et_pb_button \" href=\"https:\/\/dupeyrou.ch\/en\/event\/soiree-degustation-vignoble-bordelais-avec-le-chateau-fourcas-hosten\/\" rel=\"bookmark\"  data-icon=\"\" data-icon-tablet=\"\" data-icon-phone=\"\">More Info<\/a><\/p><\/div><\/div><\/article><\/div><div class=\"  col-md-12 col-sm-12 ecs-event ecs-event-posts clearfix evenements_ecs_category\" style=\"margin-top:; margin-bottom:\" \"><article id=\"event_article_30397\" class=\"act-post et_pb_with_border\"  style=\";background:;margin-right:; margin-left:\" \" ><div class=\"row\" style=\"\" > <div class=\"decm-show-image-left col-md-4\"><a href=\"https:\/\/dupeyrou.ch\/en\/event\/soiree-degustation-vignoble-champenois-avec-la-maison-pommery\/\"><img width=\"600\" height=\"800\" src=\"https:\/\/dupeyrou.ch\/wp-content\/uploads\/2026\/02\/20231028_175518-scaled.jpg\" class=\"attachment-800x800 size-800x800 wp-post-image\" alt=\"\" decoding=\"async\" loading=\"lazy\" \/><\/a><\/div><div class=\"col-md-8\"><h2 class=\"entry-title title1 summary\"><a href=\"https:\/\/dupeyrou.ch\/en\/event\/soiree-degustation-vignoble-champenois-avec-la-maison-pommery\/\" rel=\"bookmark\">Soir\u00e9e D\u00e9gustation vignoble champenois avec la Maison Pommery<\/a><\/h2><h4 class=\"entry-title title2 summary\"><a href=\"https:\/\/dupeyrou.ch\/en\/event\/soiree-degustation-vignoble-champenois-avec-la-maison-pommery\/\" rel=\"bookmark\">Soir\u00e9e D\u00e9gustation vignoble champenois avec la Maison Pommery<\/a><\/h4><div class=\"decm-show-detail-center\"><span class=\" ecs-eventDate duration time\">19 June 2026<\/span><span class=\" ecs-eventTime duration time\"> @ 17h00<\/span><span class=\" ecs-eventDate duration time\"> - 20 June 2026<\/span><span class=\" ecs-eventTime duration time\"> @ 17h00<\/span><span class=\" ecs-categories \"> | <a href=\"https:\/\/dupeyrou.ch\/en\/events\/category\/evenements\/\" >\u00c9v\u00e9nements<\/a><\/span><\/div><p class=\"  ecs-excerpt\">Vendredi 19 juin \u00e0 19h00 &nbsp; Au programme : &#8211; Ap\u00e9ritif et pr\u00e9sentation de la Maison Pommery &#8211; Puis menu d\u00e9gustation avec accord des vins (D\u00e9tails du menu \u00e0 venir)<\/p><p class=\"ecs-showdetail et_pb_button_wrapper mb-2\" ><a class=\"act-view-more et_pb_button \" href=\"https:\/\/dupeyrou.ch\/en\/event\/soiree-degustation-vignoble-champenois-avec-la-maison-pommery\/\" rel=\"bookmark\"  data-icon=\"\" data-icon-tablet=\"\" data-icon-phone=\"\">More Info<\/a><\/p><\/div><\/div><\/article><\/div><div class=\"  col-md-12 col-sm-12 ecs-event ecs-event-posts clearfix evenements_ecs_category\" style=\"margin-top:; margin-bottom:\" \"><article id=\"event_article_30409\" class=\"act-post et_pb_with_border\"  style=\";background:;margin-right:; margin-left:\" \" ><div class=\"row\" style=\"\" > <div class=\"decm-show-image-left col-md-4\"><a href=\"https:\/\/dupeyrou.ch\/en\/event\/garden-party-%f0%9f%91%92%f0%9f%a5%82\/\"><img width=\"800\" height=\"600\" src=\"https:\/\/dupeyrou.ch\/wp-content\/uploads\/2026\/02\/WhatsApp-Image-2026-02-28-at-13.44.08.jpeg\" class=\"attachment-800x800 size-800x800 wp-post-image\" alt=\"\" decoding=\"async\" loading=\"lazy\" \/><\/a><\/div><div class=\"col-md-8\"><h2 class=\"entry-title title1 summary\"><a href=\"https:\/\/dupeyrou.ch\/en\/event\/garden-party-%f0%9f%91%92%f0%9f%a5%82\/\" rel=\"bookmark\">Garden Party \ud83d\udc52\ud83e\udd42<\/a><\/h2><h4 class=\"entry-title title2 summary\"><a href=\"https:\/\/dupeyrou.ch\/en\/event\/garden-party-%f0%9f%91%92%f0%9f%a5%82\/\" rel=\"bookmark\">Garden Party \ud83d\udc52\ud83e\udd42<\/a><\/h4><div class=\"decm-show-detail-center\"><span class=\" ecs-eventDate duration time\">20 August 2026<\/span><span class=\" ecs-eventTime duration time\"> @ 18h30<\/span><span class=\" ecs-eventTime duration time\"> - 23h00<\/span><span class=\" ecs-venue duration venue \"><em> at <\/em>Restaurant de L&rsquo;H\u00f4tel DuPeyrou<\/span><span class=\" ecs-categories \"> | <a href=\"https:\/\/dupeyrou.ch\/en\/events\/category\/evenements\/\" >\u00c9v\u00e9nements<\/a><\/span><\/div><p class=\"  ecs-excerpt\">&nbsp; SAVE THE DATE !! NOTRE GARDEN PARTY FAIT SON GRAND RETOUR ! JEUDI 20 AOUT 2026 &#8211; ACCUEIL A PARTIR DE 18H30 &nbsp; Informations \u00e0 venir. &nbsp; &nbsp;<\/p><p class=\"ecs-showdetail et_pb_button_wrapper mb-2\" ><a class=\"act-view-more et_pb_button \" href=\"https:\/\/dupeyrou.ch\/en\/event\/garden-party-%f0%9f%91%92%f0%9f%a5%82\/\" rel=\"bookmark\"  data-icon=\"\" data-icon-tablet=\"\" data-icon-phone=\"\">More Info<\/a><\/p><\/div><\/div><\/article><\/div><\/div>\n\t<input type=\"hidden\" name=\"eventfeed_prev_page\" id=\"eventfeed_prev_page\" value=\"0\">\n\t<input type=\"hidden\" name=\"eventfeed_current_page\" id=\"eventfeed_current_page\" value=\"1\">\n\t<input type=\"hidden\" name=\"eventfeed_page\" id=\"eventfeed_page\" value=\"\">\n\t<input type=\"hidden\" name=\"eventfeed_max_page\" id=\"eventfeed_max_page\" value=\"1\"><input type=\"hidden\" name=\"eventfeed_load_img\" id=\"eventfeed_load_img\" value=\"https:\/\/dupeyrou.ch\/wp-content\/plugins\/divi-event-calendar-module\/includes\/modules\/EventCarousel\/ajax-loader.gif\">\n\t\t\t\t\t<\/div>\n\t\t\t\t<\/div>\n\t\t\t\t<script>\n\n\t\t\t\t    \n\t\t\t\t\t\n\t\t\t\t\n\t\t\t\t\tjQuery(document).ready(function(){\n\t\tjQuery(window).on('resize',function(){\n\t\t\t\t\tvar screenWidth = jQuery(this).width();\n\t\t\t\t\tif(screenWidth > 1199){\n\t\t\t\t\t\tvar setHeightColumns = function(){ \n\t\t\t\t\t\t\tvar column_loop_row = 0;\n\t\t\t\t\t\t\tvar column_height = 0;\n\t\t\t\t\t\t\tvar ids = [];\n\t\t\t\t\t\t\tvar total_Count = 0;\n\t\t\t\t\t\t\tvar total_Events = jQuery('.diec_event_carousel_0 .ecs-event-posts').length; \n\t\t\t\t\t\t\tjQuery('.diec_event_carousel_0 .ecs-event-posts').each(function(){\n\t\t\t\t\t\t\t++column_loop_row;\n\t\t\t\t\t\t\t++total_Count;\n\t\t\t\t\t\t\tvar Event_id = jQuery(this).children('article')[0].id;\n\t\t\t\t\t\t\tids.push(Event_id);\n\t\t\t\t\t\t\t\/\/console.log(column_height);\n\t\t\t\t\t\t\t\n\t\t\t\t\t\t\tcolumn_height = jQuery(this).find('#'+Event_id).children('.row').height() >= column_height ? jQuery(this).find('#'+Event_id).children('.row').height() : column_height;\n\t\t\t\t\t\n\t\t\t\t\t\t\tif(total_Count == total_Events)\n\t\t\t\t\t\t\t{      \n\t\t\t\t\t\t\t\n\t\t\t\t\t\t\t\tids.map(function(id,index){\n\t\t\t\t\t\t\t\t\tjQuery('.diec_event_carousel_0 #'+id+' .row > div:last-child').css('height',column_height);\t\n\t\t\t\t\t\t\t\t});  \n\t\t\t\t\t\t\t\tcolumn_loop_row = 0;\n\t\t\t\t\t\t\t\tcolumn_height = 0;\n\t\t\t\t\t\t\t\tids = [];\n\t\t\t\t\t\t\t}\n\t\t\t\t\t\t\t});\n\t\t\t\t\t\t\t\n\t\t\t\t\t\t}\n\t\t\t\t\t\tsetTimeout(setHeightColumns, 7000);\n\t\t\t\t\t\tif(document.readyState == 'complete')\n\t\t\t\t\t\tsetHeightColumns();\n\t\t\t\t\t}\n\t\t\t\t\telse{\n\t\t\t\t\t\tjQuery('.diec_event_carousel_0 .ecs-event-posts').each(function(){\n\t\t\t\t\t\t\tvar id = jQuery(this).children('article')[0].id;\n\t\t\t\t\t\t\t\n\t\tjQuery('.diec_event_carousel_0 #'+id+' .row > div:first-child').css('height','100%');\n\t\tjQuery('.diec_event_carousel_0 #'+id+' .row > div:last-child').css('height','100%');\n\t\tjQuery('.diec_event_carousel_0 p.ecs-showdetail').css({\"position\":\"unset\",\"width\":\"auto\" });\n\t\t\n\t\t\t\t\t\t\t});\n\t\t\t\t\t}\n\n\t\t\t\t});\n\t\t\t});\n\t\t\t\t<\/script>\n\t\t\n\t\t\t\t\n\t\t\t\n\t\t\t\t<\/div>\n\t\t\t<\/div><\/p>\n","protected":false},"author":1,"featured_media":0,"parent":28894,"menu_order":0,"comment_status":"closed","ping_status":"closed","template":"","meta":{"_et_pb_use_builder":"on","_et_pb_old_content":"","_et_gb_content_width":"","footnotes":""},"class_list":["post-28892","page","type-page","status-publish","hentry"],"yoast_head":"<!-- This site is optimized with the Yoast SEO plugin v27.5 - https:\/\/yoast.com\/product\/yoast-seo-wordpress\/ -->\n<title>\u00c9v\u00e9nements - Restaurant de l&#039;H\u00f4tel DuPeyrou<\/title>\n<meta name=\"description\" content=\"Que ce soit pour c\u00e9l\u00e9brer une occasion particuli\u00e8re ou simplement pour vivre des exp\u00e9riences culinaires uniques, nos prochains \u00e9v\u00e9nements sont con\u00e7us pour \u00e9merveiller vos papilles et \u00e9gayer vos soir\u00e9es\" \/>\n<meta name=\"robots\" content=\"index, follow, max-snippet:-1, max-image-preview:large, max-video-preview:-1\" \/>\n<link rel=\"canonical\" href=\"https:\/\/dupeyrou.ch\/en\/actualites\/evenements\/\" \/>\n<meta property=\"og:locale\" content=\"en_GB\" \/>\n<meta property=\"og:type\" content=\"article\" \/>\n<meta property=\"og:title\" content=\"\u00c9v\u00e9nements - Restaurant de l&#039;H\u00f4tel DuPeyrou\" \/>\n<meta property=\"og:description\" content=\"Que ce soit pour c\u00e9l\u00e9brer une occasion particuli\u00e8re ou simplement pour vivre des exp\u00e9riences culinaires uniques, nos prochains \u00e9v\u00e9nements sont con\u00e7us pour \u00e9merveiller vos papilles et \u00e9gayer vos soir\u00e9es\" \/>\n<meta property=\"og:url\" content=\"https:\/\/dupeyrou.ch\/en\/actualites\/evenements\/\" \/>\n<meta property=\"og:site_name\" content=\"Restaurant de l&#039;H\u00f4tel DuPeyrou\" \/>\n<meta property=\"article:modified_time\" content=\"2026-02-13T13:00:30+00:00\" \/>\n<meta name=\"twitter:card\" content=\"summary_large_image\" \/>\n<meta name=\"twitter:label1\" content=\"Estimated reading time\" \/>\n\t<meta name=\"twitter:data1\" content=\"1 minute\" \/>\n<script type=\"application\/ld+json\" class=\"yoast-schema-graph\">{\"@context\":\"https:\\\/\\\/schema.org\",\"@graph\":[{\"@type\":\"WebPage\",\"@id\":\"https:\\\/\\\/dupeyrou.ch\\\/actualites\\\/evenements\\\/\",\"url\":\"https:\\\/\\\/dupeyrou.ch\\\/actualites\\\/evenements\\\/\",\"name\":\"\u00c9v\u00e9nements - Restaurant de l&#039;H\u00f4tel DuPeyrou\",\"isPartOf\":{\"@id\":\"https:\\\/\\\/dupeyrou.ch\\\/#website\"},\"datePublished\":\"2023-09-28T09:33:16+00:00\",\"dateModified\":\"2026-02-13T13:00:30+00:00\",\"description\":\"Que ce soit pour c\u00e9l\u00e9brer une occasion particuli\u00e8re ou simplement pour vivre des exp\u00e9riences culinaires uniques, nos prochains \u00e9v\u00e9nements sont con\u00e7us pour \u00e9merveiller vos papilles et \u00e9gayer vos soir\u00e9es\",\"breadcrumb\":{\"@id\":\"https:\\\/\\\/dupeyrou.ch\\\/actualites\\\/evenements\\\/#breadcrumb\"},\"inLanguage\":\"en-GB\",\"potentialAction\":[{\"@type\":\"ReadAction\",\"target\":[\"https:\\\/\\\/dupeyrou.ch\\\/actualites\\\/evenements\\\/\"]}]},{\"@type\":\"BreadcrumbList\",\"@id\":\"https:\\\/\\\/dupeyrou.ch\\\/actualites\\\/evenements\\\/#breadcrumb\",\"itemListElement\":[{\"@type\":\"ListItem\",\"position\":1,\"name\":\"Accueil\",\"item\":\"https:\\\/\\\/dupeyrou.ch\\\/\"},{\"@type\":\"ListItem\",\"position\":2,\"name\":\"Actualit\u00e9s\",\"item\":\"https:\\\/\\\/dupeyrou.ch\\\/actualites\\\/\"},{\"@type\":\"ListItem\",\"position\":3,\"name\":\"\u00c9v\u00e9nements\"}]},{\"@type\":\"WebSite\",\"@id\":\"https:\\\/\\\/dupeyrou.ch\\\/#website\",\"url\":\"https:\\\/\\\/dupeyrou.ch\\\/\",\"name\":\"Restaurant de l&#039;H\u00f4tel DuPeyrou\",\"description\":\"Votre restaurant gastronomique \u00e0 Neuch\u00e2tel\",\"potentialAction\":[{\"@type\":\"SearchAction\",\"target\":{\"@type\":\"EntryPoint\",\"urlTemplate\":\"https:\\\/\\\/dupeyrou.ch\\\/?s={search_term_string}\"},\"query-input\":{\"@type\":\"PropertyValueSpecification\",\"valueRequired\":true,\"valueName\":\"search_term_string\"}}],\"inLanguage\":\"en-GB\"}]}<\/script>\n<!-- \/ Yoast SEO plugin. -->","yoast_head_json":{"title":"\u00c9v\u00e9nements - Restaurant de l&#039;H\u00f4tel DuPeyrou","description":"Que ce soit pour c\u00e9l\u00e9brer une occasion particuli\u00e8re ou simplement pour vivre des exp\u00e9riences culinaires uniques, nos prochains \u00e9v\u00e9nements sont con\u00e7us pour \u00e9merveiller vos papilles et \u00e9gayer vos soir\u00e9es","robots":{"index":"index","follow":"follow","max-snippet":"max-snippet:-1","max-image-preview":"max-image-preview:large","max-video-preview":"max-video-preview:-1"},"canonical":"https:\/\/dupeyrou.ch\/en\/actualites\/evenements\/","og_locale":"en_GB","og_type":"article","og_title":"\u00c9v\u00e9nements - Restaurant de l&#039;H\u00f4tel DuPeyrou","og_description":"Que ce soit pour c\u00e9l\u00e9brer une occasion particuli\u00e8re ou simplement pour vivre des exp\u00e9riences culinaires uniques, nos prochains \u00e9v\u00e9nements sont con\u00e7us pour \u00e9merveiller vos papilles et \u00e9gayer vos soir\u00e9es","og_url":"https:\/\/dupeyrou.ch\/en\/actualites\/evenements\/","og_site_name":"Restaurant de l&#039;H\u00f4tel DuPeyrou","article_modified_time":"2026-02-13T13:00:30+00:00","twitter_card":"summary_large_image","twitter_misc":{"Estimated reading time":"1 minute"},"schema":{"@context":"https:\/\/schema.org","@graph":[{"@type":"WebPage","@id":"https:\/\/dupeyrou.ch\/actualites\/evenements\/","url":"https:\/\/dupeyrou.ch\/actualites\/evenements\/","name":"\u00c9v\u00e9nements - Restaurant de l&#039;H\u00f4tel DuPeyrou","isPartOf":{"@id":"https:\/\/dupeyrou.ch\/#website"},"datePublished":"2023-09-28T09:33:16+00:00","dateModified":"2026-02-13T13:00:30+00:00","description":"Que ce soit pour c\u00e9l\u00e9brer une occasion particuli\u00e8re ou simplement pour vivre des exp\u00e9riences culinaires uniques, nos prochains \u00e9v\u00e9nements sont con\u00e7us pour \u00e9merveiller vos papilles et \u00e9gayer vos soir\u00e9es","breadcrumb":{"@id":"https:\/\/dupeyrou.ch\/actualites\/evenements\/#breadcrumb"},"inLanguage":"en-GB","potentialAction":[{"@type":"ReadAction","target":["https:\/\/dupeyrou.ch\/actualites\/evenements\/"]}]},{"@type":"BreadcrumbList","@id":"https:\/\/dupeyrou.ch\/actualites\/evenements\/#breadcrumb","itemListElement":[{"@type":"ListItem","position":1,"name":"Accueil","item":"https:\/\/dupeyrou.ch\/"},{"@type":"ListItem","position":2,"name":"Actualit\u00e9s","item":"https:\/\/dupeyrou.ch\/actualites\/"},{"@type":"ListItem","position":3,"name":"\u00c9v\u00e9nements"}]},{"@type":"WebSite","@id":"https:\/\/dupeyrou.ch\/#website","url":"https:\/\/dupeyrou.ch\/","name":"Restaurant at the H\u00f4tel DuPeyrou","description":"Your gourmet restaurant in Neuch\u00e2tel","potentialAction":[{"@type":"SearchAction","target":{"@type":"EntryPoint","urlTemplate":"https:\/\/dupeyrou.ch\/?s={search_term_string}"},"query-input":{"@type":"PropertyValueSpecification","valueRequired":true,"valueName":"search_term_string"}}],"inLanguage":"en-GB"}]}},"_links":{"self":[{"href":"https:\/\/dupeyrou.ch\/en\/wp-json\/wp\/v2\/pages\/28892","targetHints":{"allow":["GET"]}}],"collection":[{"href":"https:\/\/dupeyrou.ch\/en\/wp-json\/wp\/v2\/pages"}],"about":[{"href":"https:\/\/dupeyrou.ch\/en\/wp-json\/wp\/v2\/types\/page"}],"author":[{"embeddable":true,"href":"https:\/\/dupeyrou.ch\/en\/wp-json\/wp\/v2\/users\/1"}],"replies":[{"embeddable":true,"href":"https:\/\/dupeyrou.ch\/en\/wp-json\/wp\/v2\/comments?post=28892"}],"version-history":[{"count":4,"href":"https:\/\/dupeyrou.ch\/en\/wp-json\/wp\/v2\/pages\/28892\/revisions"}],"predecessor-version":[{"id":30372,"href":"https:\/\/dupeyrou.ch\/en\/wp-json\/wp\/v2\/pages\/28892\/revisions\/30372"}],"up":[{"embeddable":true,"href":"https:\/\/dupeyrou.ch\/en\/wp-json\/wp\/v2\/pages\/28894"}],"wp:attachment":[{"href":"https:\/\/dupeyrou.ch\/en\/wp-json\/wp\/v2\/media?parent=28892"}],"curies":[{"name":"wp","href":"https:\/\/api.w.org\/{rel}","templated":true}]}}