{"id":28894,"date":"2023-09-28T11:33:33","date_gmt":"2023-09-28T09:33:33","guid":{"rendered":"https:\/\/dupeyrou.ch\/?page_id=28894"},"modified":"2026-02-13T13:59:38","modified_gmt":"2026-02-13T12:59:38","slug":"actualites","status":"publish","type":"page","link":"https:\/\/dupeyrou.ch\/en\/actualites\/","title":{"rendered":"News"},"content":{"rendered":"<p>[et_pb_section fb_built=\u00a0\u00bb1&Prime; fullwidth=\u00a0\u00bbon\u00a0\u00bb disabled_on=\u00a0\u00bboff|off|off\u00a0\u00bb admin_label=\u00a0\u00bbHero\u00a0\u00bb _builder_version=\u00a0\u00bb4.16&Prime; background_color=\u00a0\u00bb#1f1f1f\u00a0\u00bb parallax=\u00a0\u00bbon\u00a0\u00bb custom_padding=\u00a0\u00bb|||\u00a0\u00bb transparent_background=\u00a0\u00bbon\u00a0\u00bb global_colors_info=\u00a0\u00bb{}\u00a0\u00bb][et_pb_fullwidth_header title=\u00a0\u00bbActualit\u00e9s\u00a0\u00bb subhead=\u00a0\u00bbau Restaurant de l&rsquo;H\u00f4tel DuPeyrou\u00a0\u00bb text_orientation=\u00a0\u00bbcenter\u00a0\u00bb header_scroll_down=\u00a0\u00bbon\u00a0\u00bb scroll_down_icon=\u00a0\u00bb%%1%%\u00a0\u00bb background_overlay_color=\u00a0\u00bbrgba(31,31,31,0.66)\u00a0\u00bb logo_image_url=\u00a0\u00bbhttps:\/\/dupeyrou.ch\/wp-content\/uploads\/2026\/02\/HRDP_logo_V1.png\u00a0\u00bb subhead_font_color=\u00a0\u00bb#bebebe\u00a0\u00bb _builder_version=\u00a0\u00bb4.27.5&Prime; title_font=\u00a0\u00bbPlayfair Display||||\u00a0\u00bb title_text_color=\u00a0\u00bb#ffffff\u00a0\u00bb title_font_size=\u00a0\u00bb42px\u00a0\u00bb title_line_height=\u00a0\u00bb1.3em\u00a0\u00bb content_font=\u00a0\u00bbMontserrat||||\u00a0\u00bb content_text_color=\u00a0\u00bb#bfbfbf\u00a0\u00bb content_line_height=\u00a0\u00bb1.8em\u00a0\u00bb subhead_font=\u00a0\u00bbMontserrat||||\u00a0\u00bb subhead_text_color=\u00a0\u00bb#bebebe\u00a0\u00bb subhead_font_size=\u00a0\u00bb19px\u00a0\u00bb subhead_letter_spacing=\u00a0\u00bb2px\u00a0\u00bb subhead_line_height=\u00a0\u00bb1.8em\u00a0\u00bb background_color=\u00a0\u00bbrgba(255, 255, 255, 0)\u00a0\u00bb background_image=\u00a0\u00bbhttps:\/\/dupeyrou.ch\/wp-content\/uploads\/2023\/10\/Untitled_Panorama-1-copy-scaled-1-scaled.jpg\u00a0\u00bb parallax=\u00a0\u00bbon\u00a0\u00bb parallax_method=\u00a0\u00bbon\u00a0\u00bb custom_padding=\u00a0\u00bb9.7%||9.7%||true|\u00a0\u00bb animation_style=\u00a0\u00bbzoom\u00a0\u00bb animation_duration=\u00a0\u00bb1500ms\u00a0\u00bb animation_intensity_zoom=\u00a0\u00bb4%\u00a0\u00bb hover_enabled=\u00a0\u00bb0&Prime; title_line_height_last_edited=\u00a0\u00bboff|desktop\u00a0\u00bb global_colors_info=\u00a0\u00bb{}\u00a0\u00bb button_one_text_size__hover_enabled=\u00a0\u00bboff\u00a0\u00bb button_two_text_size__hover_enabled=\u00a0\u00bboff\u00a0\u00bb button_one_text_color__hover_enabled=\u00a0\u00bboff\u00a0\u00bb button_two_text_color__hover_enabled=\u00a0\u00bboff\u00a0\u00bb button_one_border_width__hover_enabled=\u00a0\u00bboff\u00a0\u00bb button_two_border_width__hover_enabled=\u00a0\u00bboff\u00a0\u00bb button_one_border_color__hover_enabled=\u00a0\u00bboff\u00a0\u00bb button_two_border_color__hover_enabled=\u00a0\u00bboff\u00a0\u00bb button_one_border_radius__hover_enabled=\u00a0\u00bboff\u00a0\u00bb button_two_border_radius__hover_enabled=\u00a0\u00bboff\u00a0\u00bb button_one_letter_spacing__hover_enabled=\u00a0\u00bboff\u00a0\u00bb button_two_letter_spacing__hover_enabled=\u00a0\u00bboff\u00a0\u00bb button_one_bg_color__hover_enabled=\u00a0\u00bboff\u00a0\u00bb button_two_bg_color__hover_enabled=\u00a0\u00bboff\u00a0\u00bb title_text=\u00a0\u00bbHRDP_logo_V1&Prime; sticky_enabled=\u00a0\u00bb0&Prime;][\/et_pb_fullwidth_header][\/et_pb_section][et_pb_section fb_built=\u00a0\u00bb1&Prime; _builder_version=\u00a0\u00bb4.22.2&Prime; _module_preset=\u00a0\u00bbdefault\u00a0\u00bb global_colors_info=\u00a0\u00bb{}\u00a0\u00bb][et_pb_row _builder_version=\u00a0\u00bb4.22.2&Prime; _module_preset=\u00a0\u00bbdefault\u00a0\u00bb global_colors_info=\u00a0\u00bb{}\u00a0\u00bb][et_pb_column type=\u00a0\u00bb4_4&Prime; _builder_version=\u00a0\u00bb4.22.2&Prime; _module_preset=\u00a0\u00bbdefault\u00a0\u00bb global_colors_info=\u00a0\u00bb{}\u00a0\u00bb][et_pb_text disabled_on=\u00a0\u00bbon|on|off\u00a0\u00bb _builder_version=\u00a0\u00bb4.22.2&Prime; text_font=\u00a0\u00bb||||\u00a0\u00bb text_text_color=\u00a0\u00bb#1f1f1f\u00a0\u00bb header_font=\u00a0\u00bb||||||||\u00a0\u00bb header_text_align=\u00a0\u00bbcenter\u00a0\u00bb header_2_font=\u00a0\u00bbPlayfair Display||||\u00a0\u00bb header_2_text_align=\u00a0\u00bbcenter\u00a0\u00bb header_2_font_size=\u00a0\u00bb48px\u00a0\u00bb header_2_line_height=\u00a0\u00bb1.3em\u00a0\u00bb background_size=\u00a0\u00bbinitial\u00a0\u00bb background_position=\u00a0\u00bbtop_left\u00a0\u00bb background_repeat=\u00a0\u00bbrepeat\u00a0\u00bb custom_margin=\u00a0\u00bb1vh||8vh||false|false\u00a0\u00bb global_colors_info=\u00a0\u00bb{}\u00a0\u00bb header_font_size__hover=\u00a0\u00bb30px\u00a0\u00bb header_font_size__hover_enabled=\u00a0\u00bb30px\u00a0\u00bb header_letter_spacing__hover=\u00a0\u00bb0px\u00a0\u00bb header_letter_spacing__hover_enabled=\u00a0\u00bb0px\u00a0\u00bb header_text_shadow_style__hover=\u00a0\u00bbnone\u00a0\u00bb header_text_shadow_style__hover_enabled=\u00a0\u00bbnone\u00a0\u00bb header_text_shadow_color__hover=\u00a0\u00bbrgba(0,0,0,0.4)\u00a0\u00bb header_text_shadow_color__hover_enabled=\u00a0\u00bbrgba(0,0,0,0.4)\u00a0\u00bb]<\/p>\n<h2>Nos derni\u00e8res actualit\u00e9s<\/h2>\n<p>[\/et_pb_text][et_pb_blog_extras include_categories=\u00a0\u00bb11&Prime; blog_layout=\u00a0\u00bbmasonry\u00a0\u00bb excerpt_length=\u00a0\u00bb0&Prime; show_author=\u00a0\u00bboff\u00a0\u00bb show_categories=\u00a0\u00bboff\u00a0\u00bb show_comments=\u00a0\u00bboff\u00a0\u00bb _builder_version=\u00a0\u00bb4.27.4&Prime; _module_preset=\u00a0\u00bbdefault\u00a0\u00bb border_radii=\u00a0\u00bbon|45px|45px|45px|45px\u00a0\u00bb global_colors_info=\u00a0\u00bb{}\u00a0\u00bb][\/et_pb_blog_extras][\/et_pb_column][\/et_pb_row][\/et_pb_section]<\/p>\n","protected":false},"excerpt":{"rendered":"<p>Our latest news<\/p>","protected":false},"author":1,"featured_media":0,"parent":0,"menu_order":0,"comment_status":"closed","ping_status":"closed","template":"","meta":{"_et_pb_use_builder":"on","_et_pb_old_content":"","_et_gb_content_width":"","footnotes":""},"class_list":["post-28894","page","type-page","status-publish","hentry"],"yoast_head":"<!-- This site is optimized with the Yoast SEO plugin v27.3 - https:\/\/yoast.com\/product\/yoast-seo-wordpress\/ -->\n<title>Actualit\u00e9s - Restaurant de l&#039;H\u00f4tel DuPeyrou<\/title>\n<meta name=\"description\" content=\"D\u00e9couvrez les derni\u00e8res actualit\u00e9s de notre restaurant de l&#039;H\u00f4tel du Peyrou \u00e0 Neuch\u00e2tel. Restez inform\u00e9s des \u00e9v\u00e9nements sp\u00e9ciaux, des nouveaux plats et des offres exclusives que nous avons pr\u00e9par\u00e9s pour vous.\" \/>\n<meta name=\"robots\" content=\"index, follow, max-snippet:-1, max-image-preview:large, max-video-preview:-1\" \/>\n<link rel=\"canonical\" href=\"https:\/\/dupeyrou.ch\/en\/actualites\/\" \/>\n<meta property=\"og:locale\" content=\"en_GB\" \/>\n<meta property=\"og:type\" content=\"article\" \/>\n<meta property=\"og:title\" content=\"Actualit\u00e9s - Restaurant de l&#039;H\u00f4tel DuPeyrou\" \/>\n<meta property=\"og:description\" content=\"D\u00e9couvrez les derni\u00e8res actualit\u00e9s de notre restaurant de l&#039;H\u00f4tel du Peyrou \u00e0 Neuch\u00e2tel. Restez inform\u00e9s des \u00e9v\u00e9nements sp\u00e9ciaux, des nouveaux plats et des offres exclusives que nous avons pr\u00e9par\u00e9s pour vous.\" \/>\n<meta property=\"og:url\" content=\"https:\/\/dupeyrou.ch\/en\/actualites\/\" \/>\n<meta property=\"og:site_name\" content=\"Restaurant de l&#039;H\u00f4tel DuPeyrou\" \/>\n<meta property=\"article:modified_time\" content=\"2026-02-13T12:59:38+00:00\" \/>\n<meta name=\"twitter:card\" content=\"summary_large_image\" \/>\n<meta name=\"twitter:label1\" content=\"Estimated reading time\" \/>\n\t<meta name=\"twitter:data1\" content=\"1 minute\" \/>\n<script type=\"application\/ld+json\" class=\"yoast-schema-graph\">{\"@context\":\"https:\\\/\\\/schema.org\",\"@graph\":[{\"@type\":\"WebPage\",\"@id\":\"https:\\\/\\\/dupeyrou.ch\\\/actualites\\\/\",\"url\":\"https:\\\/\\\/dupeyrou.ch\\\/actualites\\\/\",\"name\":\"Actualit\u00e9s - Restaurant de l&#039;H\u00f4tel DuPeyrou\",\"isPartOf\":{\"@id\":\"https:\\\/\\\/dupeyrou.ch\\\/#website\"},\"datePublished\":\"2023-09-28T09:33:33+00:00\",\"dateModified\":\"2026-02-13T12:59:38+00:00\",\"description\":\"D\u00e9couvrez les derni\u00e8res actualit\u00e9s de notre restaurant de l'H\u00f4tel du Peyrou \u00e0 Neuch\u00e2tel. Restez inform\u00e9s des \u00e9v\u00e9nements sp\u00e9ciaux, des nouveaux plats et des offres exclusives que nous avons pr\u00e9par\u00e9s pour vous.\",\"breadcrumb\":{\"@id\":\"https:\\\/\\\/dupeyrou.ch\\\/actualites\\\/#breadcrumb\"},\"inLanguage\":\"en-GB\",\"potentialAction\":[{\"@type\":\"ReadAction\",\"target\":[\"https:\\\/\\\/dupeyrou.ch\\\/actualites\\\/\"]}]},{\"@type\":\"BreadcrumbList\",\"@id\":\"https:\\\/\\\/dupeyrou.ch\\\/actualites\\\/#breadcrumb\",\"itemListElement\":[{\"@type\":\"ListItem\",\"position\":1,\"name\":\"Accueil\",\"item\":\"https:\\\/\\\/dupeyrou.ch\\\/\"},{\"@type\":\"ListItem\",\"position\":2,\"name\":\"Actualit\u00e9s\"}]},{\"@type\":\"WebSite\",\"@id\":\"https:\\\/\\\/dupeyrou.ch\\\/#website\",\"url\":\"https:\\\/\\\/dupeyrou.ch\\\/\",\"name\":\"Restaurant de l&#039;H\u00f4tel DuPeyrou\",\"description\":\"Votre restaurant gastronomique \u00e0 Neuch\u00e2tel\",\"potentialAction\":[{\"@type\":\"SearchAction\",\"target\":{\"@type\":\"EntryPoint\",\"urlTemplate\":\"https:\\\/\\\/dupeyrou.ch\\\/?s={search_term_string}\"},\"query-input\":{\"@type\":\"PropertyValueSpecification\",\"valueRequired\":true,\"valueName\":\"search_term_string\"}}],\"inLanguage\":\"en-GB\"}]}<\/script>\n<!-- \/ Yoast SEO plugin. -->","yoast_head_json":{"title":"Actualit\u00e9s - Restaurant de l&#039;H\u00f4tel DuPeyrou","description":"D\u00e9couvrez les derni\u00e8res actualit\u00e9s de notre restaurant de l'H\u00f4tel du Peyrou \u00e0 Neuch\u00e2tel. Restez inform\u00e9s des \u00e9v\u00e9nements sp\u00e9ciaux, des nouveaux plats et des offres exclusives que nous avons pr\u00e9par\u00e9s pour vous.","robots":{"index":"index","follow":"follow","max-snippet":"max-snippet:-1","max-image-preview":"max-image-preview:large","max-video-preview":"max-video-preview:-1"},"canonical":"https:\/\/dupeyrou.ch\/en\/actualites\/","og_locale":"en_GB","og_type":"article","og_title":"Actualit\u00e9s - Restaurant de l&#039;H\u00f4tel DuPeyrou","og_description":"D\u00e9couvrez les derni\u00e8res actualit\u00e9s de notre restaurant de l'H\u00f4tel du Peyrou \u00e0 Neuch\u00e2tel. Restez inform\u00e9s des \u00e9v\u00e9nements sp\u00e9ciaux, des nouveaux plats et des offres exclusives que nous avons pr\u00e9par\u00e9s pour vous.","og_url":"https:\/\/dupeyrou.ch\/en\/actualites\/","og_site_name":"Restaurant de l&#039;H\u00f4tel DuPeyrou","article_modified_time":"2026-02-13T12:59:38+00:00","twitter_card":"summary_large_image","twitter_misc":{"Estimated reading time":"1 minute"},"schema":{"@context":"https:\/\/schema.org","@graph":[{"@type":"WebPage","@id":"https:\/\/dupeyrou.ch\/actualites\/","url":"https:\/\/dupeyrou.ch\/actualites\/","name":"Actualit\u00e9s - Restaurant de l&#039;H\u00f4tel DuPeyrou","isPartOf":{"@id":"https:\/\/dupeyrou.ch\/#website"},"datePublished":"2023-09-28T09:33:33+00:00","dateModified":"2026-02-13T12:59:38+00:00","description":"D\u00e9couvrez les derni\u00e8res actualit\u00e9s de notre restaurant de l'H\u00f4tel du Peyrou \u00e0 Neuch\u00e2tel. Restez inform\u00e9s des \u00e9v\u00e9nements sp\u00e9ciaux, des nouveaux plats et des offres exclusives que nous avons pr\u00e9par\u00e9s pour vous.","breadcrumb":{"@id":"https:\/\/dupeyrou.ch\/actualites\/#breadcrumb"},"inLanguage":"en-GB","potentialAction":[{"@type":"ReadAction","target":["https:\/\/dupeyrou.ch\/actualites\/"]}]},{"@type":"BreadcrumbList","@id":"https:\/\/dupeyrou.ch\/actualites\/#breadcrumb","itemListElement":[{"@type":"ListItem","position":1,"name":"Accueil","item":"https:\/\/dupeyrou.ch\/"},{"@type":"ListItem","position":2,"name":"Actualit\u00e9s"}]},{"@type":"WebSite","@id":"https:\/\/dupeyrou.ch\/#website","url":"https:\/\/dupeyrou.ch\/","name":"Restaurant at the H\u00f4tel DuPeyrou","description":"Your gourmet restaurant in Neuch\u00e2tel","potentialAction":[{"@type":"SearchAction","target":{"@type":"EntryPoint","urlTemplate":"https:\/\/dupeyrou.ch\/?s={search_term_string}"},"query-input":{"@type":"PropertyValueSpecification","valueRequired":true,"valueName":"search_term_string"}}],"inLanguage":"en-GB"}]}},"_links":{"self":[{"href":"https:\/\/dupeyrou.ch\/en\/wp-json\/wp\/v2\/pages\/28894","targetHints":{"allow":["GET"]}}],"collection":[{"href":"https:\/\/dupeyrou.ch\/en\/wp-json\/wp\/v2\/pages"}],"about":[{"href":"https:\/\/dupeyrou.ch\/en\/wp-json\/wp\/v2\/types\/page"}],"author":[{"embeddable":true,"href":"https:\/\/dupeyrou.ch\/en\/wp-json\/wp\/v2\/users\/1"}],"replies":[{"embeddable":true,"href":"https:\/\/dupeyrou.ch\/en\/wp-json\/wp\/v2\/comments?post=28894"}],"version-history":[{"count":30,"href":"https:\/\/dupeyrou.ch\/en\/wp-json\/wp\/v2\/pages\/28894\/revisions"}],"predecessor-version":[{"id":30370,"href":"https:\/\/dupeyrou.ch\/en\/wp-json\/wp\/v2\/pages\/28894\/revisions\/30370"}],"wp:attachment":[{"href":"https:\/\/dupeyrou.ch\/en\/wp-json\/wp\/v2\/media?parent=28894"}],"curies":[{"name":"wp","href":"https:\/\/api.w.org\/{rel}","templated":true}]}}